{"id":1776,"date":"2023-11-24T15:00:59","date_gmt":"2023-11-24T21:00:59","guid":{"rendered":"https:\/\/libreriahistoriasdebolsillo.com\/?post_type=product&#038;p=1776"},"modified":"2025-05-21T16:42:21","modified_gmt":"2025-05-21T22:42:21","slug":"trono-de-cristal-trono-de-cristal-1","status":"publish","type":"product","link":"https:\/\/libreriahistoriasdebolsillo.com\/index.php\/producto\/trono-de-cristal-trono-de-cristal-1\/","title":{"rendered":"Trono de cristal 1"},"content":{"rendered":"<p><b>Un coraz\u00f3n de hielo. Una voluntad de hierro. Bella. Letal. Destinada a la grandeza. Conoce a la asesina<\/b><\/p>\n<p><b>Celaena Sardothien, la \u00fanica capaz de salvar al reino de Endovier.<\/b><\/p>\n<p><b>Dos hombres la aman. El mundo entero le teme. Y s\u00f3lo ella puede salvarse a s\u00ed misma.<\/b><\/p>\n<p><b>Descubre la primera parte de la trilog\u00eda Trono de Cristal, serie bestseller de\u00a0<i>The New York Times<\/i>. Seleccionada como Mejor libro para j\u00f3venes de\u00a0<i>Kirkus Review<\/i>.<\/b><\/p>\n<p>En un mundo sin magia, y tras un a\u00f1o de trabajos forzados en las minas de sal, una joven asesina es convocada a palacio. Ella no acude para acabar con el sanguinario rey que gobierna desde su trono de cristal, sino para conquistar su propia libertad. Si vence a veintitr\u00e9s asesinos, ladrones y guerreros en una competencia a vida o muerte, ser\u00e1 absuelta de prisi\u00f3n para ejercer como campeona real. Su nombre es\u00a0<b>Celaena Sardothien<\/b>.<\/p>\n<p>El pr\u00edncipe la provocar\u00e1. El capit\u00e1n de la guardia la proteger\u00e1. Una princesa de lejanas tierras se convertir\u00e1 en su amiga. Pero algo maligno mora en el castillo y est\u00e1 ah\u00ed para matar. Mientras sus competidores van cayendo uno a uno, la lucha de Celaena por su liberaci\u00f3n se convierte en una lucha por la sobrevivencia y en una incesante b\u00fasqueda del origen del mal antes de que destruya su mundo.<\/p>\n<p><b>La cr\u00edtica ha opinado:<\/b><\/p>\n<p>\u00abUna lectura indispensable para los amantes de la fantas\u00eda \u00e9pica y los cuentos de hadas.\u00bb -USA Today-<\/p>\n<p>\u00abLos fans de George R. R. Martin se llevar\u00e1n este libro.\u00bb -RT Book Reviews-<\/p>\n<p>\u00abLos fans de\u00a0<i>Juego de tronos\u00a0<\/i>y\u00a0<i>Los juegos del hambre<\/i>\u00a0quedar\u00e1n encantados.\u00bb<\/p>\n<p>Colleen Houck, autora de la serie Tiger&#8217;s Curse<\/p>\n","protected":false},"excerpt":{"rendered":"<p>Sarah J. Maas<\/p>\n","protected":false},"featured_media":1777,"template":"","meta":{"_joinchat":[]},"product_brand":[],"product_cat":[39,52,76],"product_tag":[34],"class_list":{"0":"post-1776","1":"product","2":"type-product","3":"status-publish","4":"has-post-thumbnail","6":"product_cat-fantasia","7":"product_cat-juvenil","8":"product_cat-romantasy","9":"product_tag-penguin-random-house","11":"first","12":"outofstock","13":"shipping-taxable","14":"purchasable","15":"product-type-simple"},"_links":{"self":[{"href":"https:\/\/libreriahistoriasdebolsillo.com\/index.php\/wp-json\/wp\/v2\/product\/1776","targetHints":{"allow":["GET"]}}],"collection":[{"href":"https:\/\/libreriahistoriasdebolsillo.com\/index.php\/wp-json\/wp\/v2\/product"}],"about":[{"href":"https:\/\/libreriahistoriasdebolsillo.com\/index.php\/wp-json\/wp\/v2\/types\/product"}],"wp:featuredmedia":[{"embeddable":true,"href":"https:\/\/libreriahistoriasdebolsillo.com\/index.php\/wp-json\/wp\/v2\/media\/1777"}],"wp:attachment":[{"href":"https:\/\/libreriahistoriasdebolsillo.com\/index.php\/wp-json\/wp\/v2\/media?parent=1776"}],"wp:term":[{"taxonomy":"product_brand","embeddable":true,"href":"https:\/\/libreriahistoriasdebolsillo.com\/index.php\/wp-json\/wp\/v2\/product_brand?post=1776"},{"taxonomy":"product_cat","embeddable":true,"href":"https:\/\/libreriahistoriasdebolsillo.com\/index.php\/wp-json\/wp\/v2\/product_cat?post=1776"},{"taxonomy":"product_tag","embeddable":true,"href":"https:\/\/libreriahistoriasdebolsillo.com\/index.php\/wp-json\/wp\/v2\/product_tag?post=1776"}],"curies":[{"name":"wp","href":"https:\/\/api.w.org\/{rel}","templated":true}]}}