{"id":1778,"date":"2023-11-24T15:02:29","date_gmt":"2023-11-24T21:02:29","guid":{"rendered":"https:\/\/libreriahistoriasdebolsillo.com\/?post_type=product&#038;p=1778"},"modified":"2024-02-13T15:58:09","modified_gmt":"2024-02-13T21:58:09","slug":"el-ladron-del-rayo-percy-jackson-y-los-dioses-del-olimpo-1","status":"publish","type":"product","link":"https:\/\/libreriahistoriasdebolsillo.com\/index.php\/producto\/el-ladron-del-rayo-percy-jackson-y-los-dioses-del-olimpo-1\/","title":{"rendered":"Percy Jackson y los dioses del Olimpo 1. El ladr\u00f3n del rayo"},"content":{"rendered":"<p>\u00bfQu\u00e9 pasar\u00eda si un d\u00eda descubrieras que, en realidad, eres hijo de un dios griego que debe cumplir una misi\u00f3n secreta?<\/p>\n<p>Pues eso es lo que le sucede a Percy Jackson, que a partir de ese momento se dispone a vivir los acontecimientos m\u00e1s emocionantes de su vida.<\/p>\n<p>Expulsado de seis colegios, Percy padece dislexia y dificultades para concentrarse, o al menos \u00e9sa es la versi\u00f3n oficial. Objeto de burlas por inventarse historias fant\u00e1sticas, ni siquiera \u00e9l mismo acaba de cre\u00e9rselas hasta el d\u00eda que los dioses del Olimpo le revelan la verdad: Percy es nada menos que un semidi\u00f3s, es decir, el hijo de un dios y una mortal. Y como tal ha de descubrir qui\u00e9n ha robado el rayo de Zeus y as\u00ed evitar que estalle una guerra entre los dioses. Para cumplir la misi\u00f3n contar\u00e1 con la ayuda de sus amigos Grover, un joven s\u00e1tiro, y Annabeth, hija de Atenea.<\/p>\n<p><b>** M\u00e1s vendidos del\u00a0<\/b><i><b>The New York Times\u00a0<\/b><\/i><b>y\u00a0<\/b><i><b>Publishers Weekly<\/b><\/i><b>.<\/b><\/p>\n<p><b>** Llevada a la gran pantalla a cargo de Chris Columbus, director de las dos primeras entregas de \u00abHarry Potter\u00bb.<\/b><\/p>\n","protected":false},"excerpt":{"rendered":"<p>Rick Riordan<\/p>\n","protected":false},"featured_media":1779,"template":"","meta":{"_joinchat":[]},"product_brand":[],"product_cat":[39,54,52],"product_tag":[34],"class_list":{"0":"post-1778","1":"product","2":"type-product","3":"status-publish","4":"has-post-thumbnail","6":"product_cat-fantasia","7":"product_cat-infantil","8":"product_cat-juvenil","9":"product_tag-penguin-random-house","11":"first","12":"outofstock","13":"shipping-taxable","14":"purchasable","15":"product-type-simple"},"_links":{"self":[{"href":"https:\/\/libreriahistoriasdebolsillo.com\/index.php\/wp-json\/wp\/v2\/product\/1778","targetHints":{"allow":["GET"]}}],"collection":[{"href":"https:\/\/libreriahistoriasdebolsillo.com\/index.php\/wp-json\/wp\/v2\/product"}],"about":[{"href":"https:\/\/libreriahistoriasdebolsillo.com\/index.php\/wp-json\/wp\/v2\/types\/product"}],"wp:featuredmedia":[{"embeddable":true,"href":"https:\/\/libreriahistoriasdebolsillo.com\/index.php\/wp-json\/wp\/v2\/media\/1779"}],"wp:attachment":[{"href":"https:\/\/libreriahistoriasdebolsillo.com\/index.php\/wp-json\/wp\/v2\/media?parent=1778"}],"wp:term":[{"taxonomy":"product_brand","embeddable":true,"href":"https:\/\/libreriahistoriasdebolsillo.com\/index.php\/wp-json\/wp\/v2\/product_brand?post=1778"},{"taxonomy":"product_cat","embeddable":true,"href":"https:\/\/libreriahistoriasdebolsillo.com\/index.php\/wp-json\/wp\/v2\/product_cat?post=1778"},{"taxonomy":"product_tag","embeddable":true,"href":"https:\/\/libreriahistoriasdebolsillo.com\/index.php\/wp-json\/wp\/v2\/product_tag?post=1778"}],"curies":[{"name":"wp","href":"https:\/\/api.w.org\/{rel}","templated":true}]}}