{"id":1784,"date":"2023-11-24T15:08:39","date_gmt":"2023-11-24T21:08:39","guid":{"rendered":"https:\/\/libreriahistoriasdebolsillo.com\/?post_type=product&#038;p=1784"},"modified":"2025-03-27T16:34:59","modified_gmt":"2025-03-27T22:34:59","slug":"guia-para-lesbianas-en-un-colegio-catolico","status":"publish","type":"product","link":"https:\/\/libreriahistoriasdebolsillo.com\/index.php\/producto\/guia-para-lesbianas-en-un-colegio-catolico\/","title":{"rendered":"Gu\u00eda para lesbianas en un colegio cat\u00f3lico"},"content":{"rendered":"<p><b>Yamilet quiere que la conozcan por su impecable raya del ojo y no por ser una de las \u00fanicas lesbianas en su nuevo instituto cat\u00f3lico.<\/b><\/p>\n<p>La cuesti\u00f3n es que es dif\u00edcil fingir ser heterosexual cuando Bo, la \u00fanica chica abiertamente queer en la escuela, es tan irritantemente perfecta y, bueno&#8230;, tan atractiva.<\/p>\n<p>A sus diecis\u00e9is a\u00f1os, Yami tiene claras sus prioridades: mantener a su hermano lejos de los problemas, enorgullecer a su madre y, lo m\u00e1s importante, no enamorarse.<\/p>\n<p>Pero, para lograrlo, tendr\u00e1 que luchar contra sus instintos y empezar a comportarse como las chicas heterosexuales que hay en su instituto. Aunque eso nunca se le ha dado demasiado bien&#8230;<\/p>\n","protected":false},"excerpt":{"rendered":"<p>Sonora Reyes<\/p>\n","protected":false},"featured_media":1787,"template":"","meta":{"_joinchat":[]},"product_brand":[],"product_cat":[52,38],"product_tag":[34],"class_list":{"0":"post-1784","1":"product","2":"type-product","3":"status-publish","4":"has-post-thumbnail","6":"product_cat-juvenil","7":"product_cat-lgbtq","8":"product_tag-penguin-random-house","10":"first","11":"outofstock","12":"shipping-taxable","13":"purchasable","14":"product-type-simple"},"_links":{"self":[{"href":"https:\/\/libreriahistoriasdebolsillo.com\/index.php\/wp-json\/wp\/v2\/product\/1784","targetHints":{"allow":["GET"]}}],"collection":[{"href":"https:\/\/libreriahistoriasdebolsillo.com\/index.php\/wp-json\/wp\/v2\/product"}],"about":[{"href":"https:\/\/libreriahistoriasdebolsillo.com\/index.php\/wp-json\/wp\/v2\/types\/product"}],"wp:featuredmedia":[{"embeddable":true,"href":"https:\/\/libreriahistoriasdebolsillo.com\/index.php\/wp-json\/wp\/v2\/media\/1787"}],"wp:attachment":[{"href":"https:\/\/libreriahistoriasdebolsillo.com\/index.php\/wp-json\/wp\/v2\/media?parent=1784"}],"wp:term":[{"taxonomy":"product_brand","embeddable":true,"href":"https:\/\/libreriahistoriasdebolsillo.com\/index.php\/wp-json\/wp\/v2\/product_brand?post=1784"},{"taxonomy":"product_cat","embeddable":true,"href":"https:\/\/libreriahistoriasdebolsillo.com\/index.php\/wp-json\/wp\/v2\/product_cat?post=1784"},{"taxonomy":"product_tag","embeddable":true,"href":"https:\/\/libreriahistoriasdebolsillo.com\/index.php\/wp-json\/wp\/v2\/product_tag?post=1784"}],"curies":[{"name":"wp","href":"https:\/\/api.w.org\/{rel}","templated":true}]}}