{"id":1788,"date":"2023-11-24T15:10:58","date_gmt":"2023-11-24T21:10:58","guid":{"rendered":"https:\/\/libreriahistoriasdebolsillo.com\/?post_type=product&#038;p=1788"},"modified":"2025-03-27T16:35:04","modified_gmt":"2025-03-27T22:35:04","slug":"si-pudieras-ver-el-sol","status":"publish","type":"product","link":"https:\/\/libreriahistoriasdebolsillo.com\/index.php\/producto\/si-pudieras-ver-el-sol\/","title":{"rendered":"Si pudieras ver el sol"},"content":{"rendered":"<p><b>Alice se siente invisible&#8230; Hasta que un d\u00eda empieza a serlo. <\/b><b>\u00a1Un \u00e9xito repentino en #BookTok!<\/b><\/p>\n<p>Alice Sun es la \u00fanica estudiante becada en su internado internacional de \u00e9lite en Pek\u00edn. Esto siempre ha hecho que se sienta invisible para el resto (excepto para su rival acad\u00e9mico, el popular Henry Li). Pero un d\u00eda esa sensaci\u00f3n se convierte en algo real y empieza a volverse invisible: invisible de verdad.<\/p>\n<p>Entre la espada y la pared, Alice decide usar este poder para poder pagar la matr\u00edcula del internado, destapando algunos esc\u00e1ndalos de sus compa\u00f1eros. Pero todo secreto tiene un precio, y los encargos pasan de ser peque\u00f1os cotilleos a verdaderos cr\u00edmenes. En esta situaci\u00f3n, Alice deber\u00e1 decidir si su futuro vale su conciencia&#8230; o su vida.<\/p>\n","protected":false},"excerpt":{"rendered":"<p>Ann Liang<\/p>\n","protected":false},"featured_media":1791,"template":"","meta":{"_joinchat":[]},"product_brand":[],"product_cat":[39,52,35],"product_tag":[34],"class_list":{"0":"post-1788","1":"product","2":"type-product","3":"status-publish","4":"has-post-thumbnail","6":"product_cat-fantasia","7":"product_cat-juvenil","8":"product_cat-romantica","9":"product_tag-penguin-random-house","11":"first","12":"outofstock","13":"shipping-taxable","14":"purchasable","15":"product-type-simple"},"_links":{"self":[{"href":"https:\/\/libreriahistoriasdebolsillo.com\/index.php\/wp-json\/wp\/v2\/product\/1788","targetHints":{"allow":["GET"]}}],"collection":[{"href":"https:\/\/libreriahistoriasdebolsillo.com\/index.php\/wp-json\/wp\/v2\/product"}],"about":[{"href":"https:\/\/libreriahistoriasdebolsillo.com\/index.php\/wp-json\/wp\/v2\/types\/product"}],"wp:featuredmedia":[{"embeddable":true,"href":"https:\/\/libreriahistoriasdebolsillo.com\/index.php\/wp-json\/wp\/v2\/media\/1791"}],"wp:attachment":[{"href":"https:\/\/libreriahistoriasdebolsillo.com\/index.php\/wp-json\/wp\/v2\/media?parent=1788"}],"wp:term":[{"taxonomy":"product_brand","embeddable":true,"href":"https:\/\/libreriahistoriasdebolsillo.com\/index.php\/wp-json\/wp\/v2\/product_brand?post=1788"},{"taxonomy":"product_cat","embeddable":true,"href":"https:\/\/libreriahistoriasdebolsillo.com\/index.php\/wp-json\/wp\/v2\/product_cat?post=1788"},{"taxonomy":"product_tag","embeddable":true,"href":"https:\/\/libreriahistoriasdebolsillo.com\/index.php\/wp-json\/wp\/v2\/product_tag?post=1788"}],"curies":[{"name":"wp","href":"https:\/\/api.w.org\/{rel}","templated":true}]}}