{"id":1796,"date":"2023-11-24T15:14:24","date_gmt":"2023-11-24T21:14:24","guid":{"rendered":"https:\/\/libreriahistoriasdebolsillo.com\/?post_type=product&#038;p=1796"},"modified":"2025-03-03T17:22:20","modified_gmt":"2025-03-03T23:22:20","slug":"la-corte-de-los-milagros-vampyria-2","status":"publish","type":"product","link":"https:\/\/libreriahistoriasdebolsillo.com\/index.php\/producto\/la-corte-de-los-milagros-vampyria-2\/","title":{"rendered":"Vampyria 2. La Corte de los Milagros"},"content":{"rendered":"<p>A los ojos de Versalles, Diane de Gastefriche es la favorita de Luis XIV, el\u00a0<b>vampyro<\/b><b>\u00a0supremo<\/b>\u00a0que durante trescientos a\u00f1os haimpuesto su yugo sangriento sobre Francia y Europa. En realidad, su nombre es\u00a0<b>Jeanne<\/b>\u00a0<b>Froidelac<\/b><b>:<\/b>\u00a0pertenece a la\u00a0<b>Fronda,<\/b>\u00a0una organizaci\u00f3n secreta que trabaja para desmantelar el imperio del Rey de las Tinieblas.<\/p>\n<p>En las profundidades de Par\u00eds aparece un misterioso vampyro renegado que reina sobre una corte subterr\u00e1nea poblada por demonios y abominaciones. Luis XIV intenta capturar a este escurridizo rival y apropiarse de su ej\u00e9rcito; esto lo har\u00eda m\u00e1s poderoso que nunca. \u00bfConseguir\u00e1 Jeanne eliminar a la Dama de los Milagros antes de que el Rey de las Tinieblas la capture?<\/p>\n<p>En este nuevo volumen de la saga Vampyria, Victor Dixen consolida la figura del vampyro y conduce a los lectores a trav\u00e9s de una aventura fant\u00e1stica y trepidante, llena de ritmo. Una inmersi\u00f3n emocionante en las sombras de un eterno Grand Si\u00e8cle. Una \u00e9pica fant\u00e1stica y barroca sobre el fin de los tiempos.<\/p>\n","protected":false},"excerpt":{"rendered":"<p>Victor Dixen<\/p>\n","protected":false},"featured_media":1799,"template":"","meta":{"_joinchat":[]},"product_brand":[],"product_cat":[79,52,51],"product_tag":[34],"class_list":{"0":"post-1796","1":"product","2":"type-product","3":"status-publish","4":"has-post-thumbnail","6":"product_cat-campana-punto-naranja","7":"product_cat-juvenil","8":"product_cat-oferta","9":"product_tag-penguin-random-house","11":"first","12":"outofstock","13":"sale","14":"shipping-taxable","15":"purchasable","16":"product-type-simple"},"_links":{"self":[{"href":"https:\/\/libreriahistoriasdebolsillo.com\/index.php\/wp-json\/wp\/v2\/product\/1796","targetHints":{"allow":["GET"]}}],"collection":[{"href":"https:\/\/libreriahistoriasdebolsillo.com\/index.php\/wp-json\/wp\/v2\/product"}],"about":[{"href":"https:\/\/libreriahistoriasdebolsillo.com\/index.php\/wp-json\/wp\/v2\/types\/product"}],"wp:featuredmedia":[{"embeddable":true,"href":"https:\/\/libreriahistoriasdebolsillo.com\/index.php\/wp-json\/wp\/v2\/media\/1799"}],"wp:attachment":[{"href":"https:\/\/libreriahistoriasdebolsillo.com\/index.php\/wp-json\/wp\/v2\/media?parent=1796"}],"wp:term":[{"taxonomy":"product_brand","embeddable":true,"href":"https:\/\/libreriahistoriasdebolsillo.com\/index.php\/wp-json\/wp\/v2\/product_brand?post=1796"},{"taxonomy":"product_cat","embeddable":true,"href":"https:\/\/libreriahistoriasdebolsillo.com\/index.php\/wp-json\/wp\/v2\/product_cat?post=1796"},{"taxonomy":"product_tag","embeddable":true,"href":"https:\/\/libreriahistoriasdebolsillo.com\/index.php\/wp-json\/wp\/v2\/product_tag?post=1796"}],"curies":[{"name":"wp","href":"https:\/\/api.w.org\/{rel}","templated":true}]}}