{"id":1810,"date":"2023-11-24T15:22:03","date_gmt":"2023-11-24T21:22:03","guid":{"rendered":"https:\/\/libreriahistoriasdebolsillo.com\/?post_type=product&#038;p=1810"},"modified":"2026-01-05T18:20:58","modified_gmt":"2026-01-06T00:20:58","slug":"joy-2","status":"publish","type":"product","link":"https:\/\/libreriahistoriasdebolsillo.com\/index.php\/producto\/joy-2\/","title":{"rendered":"JOY 2"},"content":{"rendered":"<p><b>\u00bfQU\u00c9 LE DEPARAR\u00c1 EL FUTURO A ESTA PAREJA DE TORTOLITOS?<\/b><\/p>\n<p><b>\u00a1Este tomo incluye un cap\u00edtulo extra y tres postales de edici\u00f3n limitada!<\/b><\/p>\n<p><i>(S\u00f3lo en el tiro de salida)<\/i><\/p>\n<p><b>G\u00f4 Okazaki<\/b>, un\u00a0<b>mangaka especializado en sh\u00f4jos<\/b>, y\u00a0<b>Akune Y\u00fbsuke<\/b>,\u00a0<b>un dibujante de tiras c\u00f3micas<\/b>,\u00a0<b>al fin son pareja<\/b>\u00a0y viven el d\u00eda a d\u00eda acaramelados. Aun as\u00ed, G\u00f4 est\u00e1 preocupado porque nunca ha mantenido relaciones sexuales con un hombre&#8230; Un buen d\u00eda, el mangaka se encuentra por casualidad con Hibiki, el antiguo amigo con derecho a roce de Y\u00fbsuke, quien, al parecer, tambi\u00e9n tiene problemas amorosos.<\/p>\n","protected":false},"excerpt":{"rendered":"<p>Etsuko<\/p>\n","protected":false},"featured_media":7407,"template":"","meta":{"_joinchat":[]},"product_brand":[],"product_cat":[52,38,67],"product_tag":[34],"class_list":{"0":"post-1810","1":"product","2":"type-product","3":"status-publish","4":"has-post-thumbnail","6":"product_cat-juvenil","7":"product_cat-lgbtq","8":"product_cat-manga","9":"product_tag-penguin-random-house","11":"first","12":"outofstock","13":"shipping-taxable","14":"purchasable","15":"product-type-simple"},"_links":{"self":[{"href":"https:\/\/libreriahistoriasdebolsillo.com\/index.php\/wp-json\/wp\/v2\/product\/1810","targetHints":{"allow":["GET"]}}],"collection":[{"href":"https:\/\/libreriahistoriasdebolsillo.com\/index.php\/wp-json\/wp\/v2\/product"}],"about":[{"href":"https:\/\/libreriahistoriasdebolsillo.com\/index.php\/wp-json\/wp\/v2\/types\/product"}],"wp:featuredmedia":[{"embeddable":true,"href":"https:\/\/libreriahistoriasdebolsillo.com\/index.php\/wp-json\/wp\/v2\/media\/7407"}],"wp:attachment":[{"href":"https:\/\/libreriahistoriasdebolsillo.com\/index.php\/wp-json\/wp\/v2\/media?parent=1810"}],"wp:term":[{"taxonomy":"product_brand","embeddable":true,"href":"https:\/\/libreriahistoriasdebolsillo.com\/index.php\/wp-json\/wp\/v2\/product_brand?post=1810"},{"taxonomy":"product_cat","embeddable":true,"href":"https:\/\/libreriahistoriasdebolsillo.com\/index.php\/wp-json\/wp\/v2\/product_cat?post=1810"},{"taxonomy":"product_tag","embeddable":true,"href":"https:\/\/libreriahistoriasdebolsillo.com\/index.php\/wp-json\/wp\/v2\/product_tag?post=1810"}],"curies":[{"name":"wp","href":"https:\/\/api.w.org\/{rel}","templated":true}]}}