{"id":1823,"date":"2023-11-24T16:41:33","date_gmt":"2023-11-24T22:41:33","guid":{"rendered":"https:\/\/libreriahistoriasdebolsillo.com\/?post_type=product&#038;p=1823"},"modified":"2025-06-14T13:40:49","modified_gmt":"2025-06-14T19:40:49","slug":"la-vida-secreta-de-los-nazis","status":"publish","type":"product","link":"https:\/\/libreriahistoriasdebolsillo.com\/index.php\/producto\/la-vida-secreta-de-los-nazis\/","title":{"rendered":"La vida secreta de los nazis"},"content":{"rendered":"<p>Mientras los l\u00edderes nazi exig\u00edan al pueblo alem\u00e1n hacer M grandes sacrificios por una guerra que muy pocos miembros del c\u00edrculo cercano a Hitler en verdad cre\u00edan poder ganar, disfrutaban de una vida de excesos, privilegios y poder. Todo era robo y asesinato a gran escala. Heinrich Himmler, antes un modesto avicultor, us\u00f3 su influencia como l\u00edder de la SS y la Gestapo para arrebatar los bienes de millones de v\u00edctimas. Joseph Goebbels, el \u201cenano ponzo\u00f1oso\u00bb, el c\u00ednico asesor de prensa de Hitler, utiliz\u00f3 su puesto como ministro de Propaganda para irse a la cama con una larga procesi\u00f3n de estrellas de cine. Al mismo tiempo, bajo las \u00f3rdenes de Goering, tan s\u00f3lo de Francia salieron miles de trenes cargados con las riquezas del saqueo hacia a Alemania. Si el pueblo alem\u00e1n hubiera sabido la verdad acerca de los hombres a los que hab\u00eda encomendado su futuro, la historia podr\u00eda haber tomado un rumbo muy diferente. Este libro relata la terrible verdad detr\u00e1s de la propaganda perniciosa diseminada por los nazis.<\/p>\n","protected":false},"excerpt":{"rendered":"<p>Paul Roland<\/p>\n<p>215 p\u00e1ginas<\/p>\n<p>&nbsp;<\/p>\n","protected":false},"featured_media":6493,"template":"","meta":{"_joinchat":[]},"product_brand":[],"product_cat":[42,51,55],"product_tag":[47],"class_list":{"0":"post-1823","1":"product","2":"type-product","3":"status-publish","4":"has-post-thumbnail","6":"product_cat-literatura-clasica","7":"product_cat-oferta","8":"product_cat-holocausto","9":"product_tag-editories-mexicanos-unidos","11":"first","12":"instock","13":"shipping-taxable","14":"purchasable","15":"product-type-simple"},"_links":{"self":[{"href":"https:\/\/libreriahistoriasdebolsillo.com\/index.php\/wp-json\/wp\/v2\/product\/1823","targetHints":{"allow":["GET"]}}],"collection":[{"href":"https:\/\/libreriahistoriasdebolsillo.com\/index.php\/wp-json\/wp\/v2\/product"}],"about":[{"href":"https:\/\/libreriahistoriasdebolsillo.com\/index.php\/wp-json\/wp\/v2\/types\/product"}],"wp:featuredmedia":[{"embeddable":true,"href":"https:\/\/libreriahistoriasdebolsillo.com\/index.php\/wp-json\/wp\/v2\/media\/6493"}],"wp:attachment":[{"href":"https:\/\/libreriahistoriasdebolsillo.com\/index.php\/wp-json\/wp\/v2\/media?parent=1823"}],"wp:term":[{"taxonomy":"product_brand","embeddable":true,"href":"https:\/\/libreriahistoriasdebolsillo.com\/index.php\/wp-json\/wp\/v2\/product_brand?post=1823"},{"taxonomy":"product_cat","embeddable":true,"href":"https:\/\/libreriahistoriasdebolsillo.com\/index.php\/wp-json\/wp\/v2\/product_cat?post=1823"},{"taxonomy":"product_tag","embeddable":true,"href":"https:\/\/libreriahistoriasdebolsillo.com\/index.php\/wp-json\/wp\/v2\/product_tag?post=1823"}],"curies":[{"name":"wp","href":"https:\/\/api.w.org\/{rel}","templated":true}]}}