{"id":1828,"date":"2023-11-24T16:45:58","date_gmt":"2023-11-24T22:45:58","guid":{"rendered":"https:\/\/libreriahistoriasdebolsillo.com\/?post_type=product&#038;p=1828"},"modified":"2024-11-04T19:18:50","modified_gmt":"2024-11-05T01:18:50","slug":"gestapo","status":"publish","type":"product","link":"https:\/\/libreriahistoriasdebolsillo.com\/index.php\/producto\/gestapo\/","title":{"rendered":"Gestapo"},"content":{"rendered":"<p>Fundada en 1933, la Gestapo se convirti\u00f3 en uno de los F cuerpos policiacos estatales m\u00e1s temidos del Tercer Reich, antes y durante la Segunda Guerra Mundial. Gestapo narra la historia de esta organizaci\u00f3n desde su origen hasta su ca\u00edda, pasando por todas las acciones horrorosas y brutales que perpetraron en contra de cientos de miles de personas, en un relato impresionante acerca del poder y la destrucci\u00f3n llevada a extremos terrorificos.<\/p>\n","protected":false},"excerpt":{"rendered":"<p>Lucas Saul<\/p>\n","protected":false},"featured_media":2716,"template":"","meta":{"_joinchat":[]},"product_brand":[],"product_cat":[42,51,55],"product_tag":[47],"class_list":{"0":"post-1828","1":"product","2":"type-product","3":"status-publish","4":"has-post-thumbnail","6":"product_cat-literatura-clasica","7":"product_cat-oferta","8":"product_cat-holocausto","9":"product_tag-editories-mexicanos-unidos","11":"first","12":"outofstock","13":"sale","14":"shipping-taxable","15":"purchasable","16":"product-type-simple"},"_links":{"self":[{"href":"https:\/\/libreriahistoriasdebolsillo.com\/index.php\/wp-json\/wp\/v2\/product\/1828","targetHints":{"allow":["GET"]}}],"collection":[{"href":"https:\/\/libreriahistoriasdebolsillo.com\/index.php\/wp-json\/wp\/v2\/product"}],"about":[{"href":"https:\/\/libreriahistoriasdebolsillo.com\/index.php\/wp-json\/wp\/v2\/types\/product"}],"wp:featuredmedia":[{"embeddable":true,"href":"https:\/\/libreriahistoriasdebolsillo.com\/index.php\/wp-json\/wp\/v2\/media\/2716"}],"wp:attachment":[{"href":"https:\/\/libreriahistoriasdebolsillo.com\/index.php\/wp-json\/wp\/v2\/media?parent=1828"}],"wp:term":[{"taxonomy":"product_brand","embeddable":true,"href":"https:\/\/libreriahistoriasdebolsillo.com\/index.php\/wp-json\/wp\/v2\/product_brand?post=1828"},{"taxonomy":"product_cat","embeddable":true,"href":"https:\/\/libreriahistoriasdebolsillo.com\/index.php\/wp-json\/wp\/v2\/product_cat?post=1828"},{"taxonomy":"product_tag","embeddable":true,"href":"https:\/\/libreriahistoriasdebolsillo.com\/index.php\/wp-json\/wp\/v2\/product_tag?post=1828"}],"curies":[{"name":"wp","href":"https:\/\/api.w.org\/{rel}","templated":true}]}}