{"id":1830,"date":"2023-11-24T16:52:21","date_gmt":"2023-11-24T22:52:21","guid":{"rendered":"https:\/\/libreriahistoriasdebolsillo.com\/?post_type=product&#038;p=1830"},"modified":"2025-10-16T19:28:19","modified_gmt":"2025-10-17T01:28:19","slug":"nazis-y-ocultismo","status":"publish","type":"product","link":"https:\/\/libreriahistoriasdebolsillo.com\/index.php\/producto\/nazis-y-ocultismo\/","title":{"rendered":"Nazis y ocultismo"},"content":{"rendered":"<p>\u00bfC\u00f3mo una naci\u00f3n cultivada, que produjo a Goethe, &amp; Beethoven, Bach, Schiller, Einstein, Kant, Hegel y tantos otros grandes pensadores y artistas, permiti\u00f3 que la guiara un grupo de criminales, inadaptados, s\u00e1dicos y bur\u00f3cratas mediocres? Los nazis y el ocultismo revela la verdadera naturaleza del vinculo del Tercer Reich con las influencias arcanas y con el mal, y ayuda a explicar c\u00f3mo una persona insignificante, ignorante y psicol\u00f3gicamente desequilibrada pudo cautivar a toda una naci\u00f3n. Olviden cuanto hayan le\u00eddo, visto o escuchado. \u00c9sta es la verdadera historia secreta de la Alemania nazi y de su oscuro mes\u00edas: Adolfo Hitler.<\/p>\n","protected":false},"excerpt":{"rendered":"<p>Paul Roland<\/p>\n<p>215 p\u00e1ginas<\/p>\n","protected":false},"featured_media":6492,"template":"","meta":{"_joinchat":[]},"product_brand":[],"product_cat":[42,51,55],"product_tag":[47],"class_list":{"0":"post-1830","1":"product","2":"type-product","3":"status-publish","4":"has-post-thumbnail","6":"product_cat-literatura-clasica","7":"product_cat-oferta","8":"product_cat-holocausto","9":"product_tag-editories-mexicanos-unidos","11":"first","12":"outofstock","13":"shipping-taxable","14":"purchasable","15":"product-type-simple"},"_links":{"self":[{"href":"https:\/\/libreriahistoriasdebolsillo.com\/index.php\/wp-json\/wp\/v2\/product\/1830","targetHints":{"allow":["GET"]}}],"collection":[{"href":"https:\/\/libreriahistoriasdebolsillo.com\/index.php\/wp-json\/wp\/v2\/product"}],"about":[{"href":"https:\/\/libreriahistoriasdebolsillo.com\/index.php\/wp-json\/wp\/v2\/types\/product"}],"wp:featuredmedia":[{"embeddable":true,"href":"https:\/\/libreriahistoriasdebolsillo.com\/index.php\/wp-json\/wp\/v2\/media\/6492"}],"wp:attachment":[{"href":"https:\/\/libreriahistoriasdebolsillo.com\/index.php\/wp-json\/wp\/v2\/media?parent=1830"}],"wp:term":[{"taxonomy":"product_brand","embeddable":true,"href":"https:\/\/libreriahistoriasdebolsillo.com\/index.php\/wp-json\/wp\/v2\/product_brand?post=1830"},{"taxonomy":"product_cat","embeddable":true,"href":"https:\/\/libreriahistoriasdebolsillo.com\/index.php\/wp-json\/wp\/v2\/product_cat?post=1830"},{"taxonomy":"product_tag","embeddable":true,"href":"https:\/\/libreriahistoriasdebolsillo.com\/index.php\/wp-json\/wp\/v2\/product_tag?post=1830"}],"curies":[{"name":"wp","href":"https:\/\/api.w.org\/{rel}","templated":true}]}}