{"id":1832,"date":"2023-11-24T16:54:38","date_gmt":"2023-11-24T22:54:38","guid":{"rendered":"https:\/\/libreriahistoriasdebolsillo.com\/?post_type=product&#038;p=1832"},"modified":"2026-01-17T18:05:50","modified_gmt":"2026-01-18T00:05:50","slug":"ciencia-ficcion","status":"publish","type":"product","link":"https:\/\/libreriahistoriasdebolsillo.com\/index.php\/producto\/ciencia-ficcion\/","title":{"rendered":"Recopilaci\u00f3n de ciencia ficci\u00f3n (Pasta dura)"},"content":{"rendered":"<p>Se puede decir que la ciencia ficci\u00f3n busca responder una doble pregunta que, desde siempre, el ser humano se ha hecho: \u00bfhacia d\u00f3nde vamos a partir de aquello que somos? As\u00ed, la tecnolog\u00eda, desde siempre, aparece como una salvaci\u00f3n a la vez que un riesgo; esto es justo lo que toda ciencia ficci\u00f3n plantea: hasta qu\u00e9 punto los avances cient\u00edficos y tecnol\u00f3gicos son un peligro y una oportunidad de mejoramiento de la vida humana.<\/p>\n<p>Los relatos reunidos en esta antolog\u00eda re\u00fanen obras cortas de grandes escritores como Ant\u00f3n Chejov, Henry Melville, Jack London y Nathaniel Hawthorne, entre otros, quienes a trav\u00e9s de su vertiginosa narrativa nos hacen reflexionar sobre el devenir de la humanidad.<\/p>\n","protected":false},"excerpt":{"rendered":"<p>Colecci\u00f3n fractales edici\u00f3n en pasta dura<\/p>\n","protected":false},"featured_media":2702,"template":"","meta":{"_joinchat":[]},"product_brand":[],"product_cat":[40,42,51],"product_tag":[47],"class_list":{"0":"post-1832","1":"product","2":"type-product","3":"status-publish","4":"has-post-thumbnail","6":"product_cat-ciencia-ficcion","7":"product_cat-literatura-clasica","8":"product_cat-oferta","9":"product_tag-editories-mexicanos-unidos","11":"first","12":"instock","13":"sale","14":"shipping-taxable","15":"purchasable","16":"product-type-simple"},"_links":{"self":[{"href":"https:\/\/libreriahistoriasdebolsillo.com\/index.php\/wp-json\/wp\/v2\/product\/1832","targetHints":{"allow":["GET"]}}],"collection":[{"href":"https:\/\/libreriahistoriasdebolsillo.com\/index.php\/wp-json\/wp\/v2\/product"}],"about":[{"href":"https:\/\/libreriahistoriasdebolsillo.com\/index.php\/wp-json\/wp\/v2\/types\/product"}],"wp:featuredmedia":[{"embeddable":true,"href":"https:\/\/libreriahistoriasdebolsillo.com\/index.php\/wp-json\/wp\/v2\/media\/2702"}],"wp:attachment":[{"href":"https:\/\/libreriahistoriasdebolsillo.com\/index.php\/wp-json\/wp\/v2\/media?parent=1832"}],"wp:term":[{"taxonomy":"product_brand","embeddable":true,"href":"https:\/\/libreriahistoriasdebolsillo.com\/index.php\/wp-json\/wp\/v2\/product_brand?post=1832"},{"taxonomy":"product_cat","embeddable":true,"href":"https:\/\/libreriahistoriasdebolsillo.com\/index.php\/wp-json\/wp\/v2\/product_cat?post=1832"},{"taxonomy":"product_tag","embeddable":true,"href":"https:\/\/libreriahistoriasdebolsillo.com\/index.php\/wp-json\/wp\/v2\/product_tag?post=1832"}],"curies":[{"name":"wp","href":"https:\/\/api.w.org\/{rel}","templated":true}]}}