{"id":1836,"date":"2023-11-24T17:07:55","date_gmt":"2023-11-24T23:07:55","guid":{"rendered":"https:\/\/libreriahistoriasdebolsillo.com\/?post_type=product&#038;p=1836"},"modified":"2023-12-22T15:08:57","modified_gmt":"2023-12-22T21:08:57","slug":"narraciones-de-viajeros-en-el-tiempo","status":"publish","type":"product","link":"https:\/\/libreriahistoriasdebolsillo.com\/index.php\/producto\/narraciones-de-viajeros-en-el-tiempo\/","title":{"rendered":"Narraciones de viajeros en el tiempo (Pasta dura)"},"content":{"rendered":"<p>Las historias de viajes a trav\u00e9s del tiempo nos transportan a civilizaciones futuras o bien a escenarios aterradores. La obra de H. G. Wells La m\u00e1quina del tiempo, publicada en 1895, proporcion\u00f3 el trampol\u00edn para la explosi\u00f3n del viaje en el tiempo de la ciencia ficci\u00f3n moderna. En respuesta a su propia fascinaci\u00f3n por el tema, los m\u00e1s grandes escritores y visionarios del siglo XX, como Mark Twain, Jack London, Rudyard Kipling entre otros, escribieron algunas de sus mejores historias mismas que se dan cita en el presente volumen.<\/p>\n","protected":false},"excerpt":{"rendered":"<p>Colecci\u00f3n fractales edici\u00f3n en pasta dura<\/p>\n","protected":false},"featured_media":1837,"template":"","meta":{"_joinchat":[]},"product_brand":[],"product_cat":[40,42,51],"product_tag":[47],"class_list":{"0":"post-1836","1":"product","2":"type-product","3":"status-publish","4":"has-post-thumbnail","6":"product_cat-ciencia-ficcion","7":"product_cat-literatura-clasica","8":"product_cat-oferta","9":"product_tag-editories-mexicanos-unidos","11":"first","12":"outofstock","13":"sale","14":"shipping-taxable","15":"purchasable","16":"product-type-simple"},"_links":{"self":[{"href":"https:\/\/libreriahistoriasdebolsillo.com\/index.php\/wp-json\/wp\/v2\/product\/1836","targetHints":{"allow":["GET"]}}],"collection":[{"href":"https:\/\/libreriahistoriasdebolsillo.com\/index.php\/wp-json\/wp\/v2\/product"}],"about":[{"href":"https:\/\/libreriahistoriasdebolsillo.com\/index.php\/wp-json\/wp\/v2\/types\/product"}],"wp:featuredmedia":[{"embeddable":true,"href":"https:\/\/libreriahistoriasdebolsillo.com\/index.php\/wp-json\/wp\/v2\/media\/1837"}],"wp:attachment":[{"href":"https:\/\/libreriahistoriasdebolsillo.com\/index.php\/wp-json\/wp\/v2\/media?parent=1836"}],"wp:term":[{"taxonomy":"product_brand","embeddable":true,"href":"https:\/\/libreriahistoriasdebolsillo.com\/index.php\/wp-json\/wp\/v2\/product_brand?post=1836"},{"taxonomy":"product_cat","embeddable":true,"href":"https:\/\/libreriahistoriasdebolsillo.com\/index.php\/wp-json\/wp\/v2\/product_cat?post=1836"},{"taxonomy":"product_tag","embeddable":true,"href":"https:\/\/libreriahistoriasdebolsillo.com\/index.php\/wp-json\/wp\/v2\/product_tag?post=1836"}],"curies":[{"name":"wp","href":"https:\/\/api.w.org\/{rel}","templated":true}]}}