{"id":1840,"date":"2023-11-24T17:14:11","date_gmt":"2023-11-24T23:14:11","guid":{"rendered":"https:\/\/libreriahistoriasdebolsillo.com\/?post_type=product&#038;p=1840"},"modified":"2024-06-10T17:49:16","modified_gmt":"2024-06-10T23:49:16","slug":"yo-el-gato","status":"publish","type":"product","link":"https:\/\/libreriahistoriasdebolsillo.com\/index.php\/producto\/yo-el-gato\/","title":{"rendered":"Yo, el gato"},"content":{"rendered":"<p>S\u00f5seki sigue siendo uno de los autores m\u00e1s apreciados en Jap\u00f3n y cada vez m\u00e1s en Occidente por la belleza de su estilo, pero sobre todo por su amenidad, fluidez y lirismo. Su pensamiento resulta cr\u00edtico y elaborado, convincente. El protagonista felino es complejo, porque aunque sea gato, posee un conocimiento del significado de la compasi\u00f3n, es sensible a los afectos, a la ternura, al amor, y en lo referente a la sagacidad, no cree que haya en todo Jap\u00f3n ning\u00fan gato tan dotado como \u00e9l. Este felino sic\u00f3logo y sabio es tambi\u00e9n una especie de esp\u00eda: observador de la realidad, en especial de la realidad humana.<\/p>\n","protected":false},"excerpt":{"rendered":"<p>Natsume Soseki<\/p>\n","protected":false},"featured_media":1841,"template":"","meta":{"_joinchat":[]},"product_brand":[],"product_cat":[42,51],"product_tag":[47],"class_list":{"0":"post-1840","1":"product","2":"type-product","3":"status-publish","4":"has-post-thumbnail","6":"product_cat-literatura-clasica","7":"product_cat-oferta","8":"product_tag-editories-mexicanos-unidos","10":"first","11":"outofstock","12":"sale","13":"shipping-taxable","14":"purchasable","15":"product-type-simple"},"_links":{"self":[{"href":"https:\/\/libreriahistoriasdebolsillo.com\/index.php\/wp-json\/wp\/v2\/product\/1840","targetHints":{"allow":["GET"]}}],"collection":[{"href":"https:\/\/libreriahistoriasdebolsillo.com\/index.php\/wp-json\/wp\/v2\/product"}],"about":[{"href":"https:\/\/libreriahistoriasdebolsillo.com\/index.php\/wp-json\/wp\/v2\/types\/product"}],"wp:featuredmedia":[{"embeddable":true,"href":"https:\/\/libreriahistoriasdebolsillo.com\/index.php\/wp-json\/wp\/v2\/media\/1841"}],"wp:attachment":[{"href":"https:\/\/libreriahistoriasdebolsillo.com\/index.php\/wp-json\/wp\/v2\/media?parent=1840"}],"wp:term":[{"taxonomy":"product_brand","embeddable":true,"href":"https:\/\/libreriahistoriasdebolsillo.com\/index.php\/wp-json\/wp\/v2\/product_brand?post=1840"},{"taxonomy":"product_cat","embeddable":true,"href":"https:\/\/libreriahistoriasdebolsillo.com\/index.php\/wp-json\/wp\/v2\/product_cat?post=1840"},{"taxonomy":"product_tag","embeddable":true,"href":"https:\/\/libreriahistoriasdebolsillo.com\/index.php\/wp-json\/wp\/v2\/product_tag?post=1840"}],"curies":[{"name":"wp","href":"https:\/\/api.w.org\/{rel}","templated":true}]}}