{"id":1843,"date":"2023-11-24T17:16:28","date_gmt":"2023-11-24T23:16:28","guid":{"rendered":"https:\/\/libreriahistoriasdebolsillo.com\/?post_type=product&#038;p=1843"},"modified":"2023-11-29T17:36:33","modified_gmt":"2023-11-29T23:36:33","slug":"el-libro-de-la-selva","status":"publish","type":"product","link":"https:\/\/libreriahistoriasdebolsillo.com\/index.php\/producto\/el-libro-de-la-selva\/","title":{"rendered":"El libro de la selva"},"content":{"rendered":"<p>El libro de la selva, tambi\u00e9n llamado el libro de las tierras virgenes, fue publicado en 1894. Es una co lecci\u00f3n de historias que fueron inicialmente publicadas en revistas entre 1893-1894 y que contaba, en algunos casos, con ilustraciones del padre de Rudyard, John Loc kwood Kipling. \u00c9stas se basan en cuentos de animales de la selva india que, convertidos a su versi\u00f3n antropom\u00f3rfica, plantean lecciones morales.<\/p>\n","protected":false},"excerpt":{"rendered":"<p>Rudyard Kipling<\/p>\n","protected":false},"featured_media":1845,"template":"","meta":{"_joinchat":[]},"product_brand":[],"product_cat":[54,42,51],"product_tag":[47],"class_list":{"0":"post-1843","1":"product","2":"type-product","3":"status-publish","4":"has-post-thumbnail","6":"product_cat-infantil","7":"product_cat-literatura-clasica","8":"product_cat-oferta","9":"product_tag-editories-mexicanos-unidos","11":"first","12":"instock","13":"sale","14":"shipping-taxable","15":"purchasable","16":"product-type-simple"},"_links":{"self":[{"href":"https:\/\/libreriahistoriasdebolsillo.com\/index.php\/wp-json\/wp\/v2\/product\/1843","targetHints":{"allow":["GET"]}}],"collection":[{"href":"https:\/\/libreriahistoriasdebolsillo.com\/index.php\/wp-json\/wp\/v2\/product"}],"about":[{"href":"https:\/\/libreriahistoriasdebolsillo.com\/index.php\/wp-json\/wp\/v2\/types\/product"}],"wp:featuredmedia":[{"embeddable":true,"href":"https:\/\/libreriahistoriasdebolsillo.com\/index.php\/wp-json\/wp\/v2\/media\/1845"}],"wp:attachment":[{"href":"https:\/\/libreriahistoriasdebolsillo.com\/index.php\/wp-json\/wp\/v2\/media?parent=1843"}],"wp:term":[{"taxonomy":"product_brand","embeddable":true,"href":"https:\/\/libreriahistoriasdebolsillo.com\/index.php\/wp-json\/wp\/v2\/product_brand?post=1843"},{"taxonomy":"product_cat","embeddable":true,"href":"https:\/\/libreriahistoriasdebolsillo.com\/index.php\/wp-json\/wp\/v2\/product_cat?post=1843"},{"taxonomy":"product_tag","embeddable":true,"href":"https:\/\/libreriahistoriasdebolsillo.com\/index.php\/wp-json\/wp\/v2\/product_tag?post=1843"}],"curies":[{"name":"wp","href":"https:\/\/api.w.org\/{rel}","templated":true}]}}