{"id":1849,"date":"2023-11-24T17:20:43","date_gmt":"2023-11-24T23:20:43","guid":{"rendered":"https:\/\/libreriahistoriasdebolsillo.com\/?post_type=product&#038;p=1849"},"modified":"2023-12-23T19:32:41","modified_gmt":"2023-12-24T01:32:41","slug":"cinco-semanas-en-globo","status":"publish","type":"product","link":"https:\/\/libreriahistoriasdebolsillo.com\/index.php\/producto\/cinco-semanas-en-globo\/","title":{"rendered":"Cinco semanas en globo"},"content":{"rendered":"<p>Julio Verne public\u00f3 Cinco semanas en globo, su pri Jmera novela, en el a\u00f1o de 1863, cuando a\u00fan era un escritor de poco prestigio. En ella se narra la expedici\u00f3n de Samuel Ferguson por el continente africano. En esta historia ya son notables los recursos de ciencia ficci\u00f3n que Verne desarrollar\u00e1 en sus siguientes obras; especial mente por el peso que se da, tanto en narraci\u00f3n como en descripci\u00f3n, a la ciencia y a escenarios sobrenaturales. Existen, dentro de la trama, otras breves historias con las cuales el lector podr\u00e1 ser testigo de las visitas en las diferentes geografias de \u00c1frica, el encuentro con otras expediciones y una amplia serie de aventuras en las que se descubre el mundo.<\/p>\n","protected":false},"excerpt":{"rendered":"<p>Julio Verne<\/p>\n","protected":false},"featured_media":2715,"template":"","meta":{"_joinchat":[]},"product_brand":[],"product_cat":[42,51],"product_tag":[47],"class_list":{"0":"post-1849","1":"product","2":"type-product","3":"status-publish","4":"has-post-thumbnail","6":"product_cat-literatura-clasica","7":"product_cat-oferta","8":"product_tag-editories-mexicanos-unidos","10":"first","11":"outofstock","12":"sale","13":"shipping-taxable","14":"purchasable","15":"product-type-simple"},"_links":{"self":[{"href":"https:\/\/libreriahistoriasdebolsillo.com\/index.php\/wp-json\/wp\/v2\/product\/1849","targetHints":{"allow":["GET"]}}],"collection":[{"href":"https:\/\/libreriahistoriasdebolsillo.com\/index.php\/wp-json\/wp\/v2\/product"}],"about":[{"href":"https:\/\/libreriahistoriasdebolsillo.com\/index.php\/wp-json\/wp\/v2\/types\/product"}],"wp:featuredmedia":[{"embeddable":true,"href":"https:\/\/libreriahistoriasdebolsillo.com\/index.php\/wp-json\/wp\/v2\/media\/2715"}],"wp:attachment":[{"href":"https:\/\/libreriahistoriasdebolsillo.com\/index.php\/wp-json\/wp\/v2\/media?parent=1849"}],"wp:term":[{"taxonomy":"product_brand","embeddable":true,"href":"https:\/\/libreriahistoriasdebolsillo.com\/index.php\/wp-json\/wp\/v2\/product_brand?post=1849"},{"taxonomy":"product_cat","embeddable":true,"href":"https:\/\/libreriahistoriasdebolsillo.com\/index.php\/wp-json\/wp\/v2\/product_cat?post=1849"},{"taxonomy":"product_tag","embeddable":true,"href":"https:\/\/libreriahistoriasdebolsillo.com\/index.php\/wp-json\/wp\/v2\/product_tag?post=1849"}],"curies":[{"name":"wp","href":"https:\/\/api.w.org\/{rel}","templated":true}]}}