{"id":1851,"date":"2023-11-24T17:22:44","date_gmt":"2023-11-24T23:22:44","guid":{"rendered":"https:\/\/libreriahistoriasdebolsillo.com\/?post_type=product&#038;p=1851"},"modified":"2025-10-28T12:20:25","modified_gmt":"2025-10-28T18:20:25","slug":"mujercitas","status":"publish","type":"product","link":"https:\/\/libreriahistoriasdebolsillo.com\/index.php\/producto\/mujercitas\/","title":{"rendered":"Mujercitas"},"content":{"rendered":"<p><i>Mujercitas<\/i>, el cl\u00e1sico de Louisa May Alcott ambientado en la\u00a0<b>guerra de Secesi\u00f3n<\/b>, fue publicado en Estados Unidos en 1868. Han pasado casi ciento cincuenta a\u00f1os desde entonces, pero la complicidad de las\u00a0<b>cuatro hermanas March<\/b>, quienes a trav\u00e9s de sus gestos y palabras resumen el esp\u00edritu cr\u00edtico de una \u00e9poca, sigue siendo fuente de inspiraci\u00f3n y disfrute para las generaciones de lectores que se asoman a las p\u00e1ginas de esta\u00a0<b>fascinante\u00a0<\/b>obra.<\/p>\n<p>ElaineShowalter, catedr\u00e1tica de la Universidad de Princeton, est\u00e1 considerada una de las voces m\u00e1s representativas de la\u00a0<b>cr\u00edtica literaria feminista<\/b>. En su brillante introducci\u00f3n analiza en detalle las influencias de la autora, as\u00ed como el impacto de Mujercitas en la obra de escritoras de la talla de Simone de Beauvoir, Joyce Carol Oates o Cynthia Ozick.<\/p>\n<p><b>Versi\u00f3n \u00edntegra<\/b><\/p>\n","protected":false},"excerpt":{"rendered":"<p>Louisa May Alcot<\/p>\n","protected":false},"featured_media":1853,"template":"","meta":{"_joinchat":[]},"product_brand":[],"product_cat":[42],"product_tag":[34],"class_list":{"0":"post-1851","1":"product","2":"type-product","3":"status-publish","4":"has-post-thumbnail","6":"product_cat-literatura-clasica","7":"product_tag-penguin-random-house","9":"first","10":"outofstock","11":"shipping-taxable","12":"purchasable","13":"product-type-simple"},"_links":{"self":[{"href":"https:\/\/libreriahistoriasdebolsillo.com\/index.php\/wp-json\/wp\/v2\/product\/1851","targetHints":{"allow":["GET"]}}],"collection":[{"href":"https:\/\/libreriahistoriasdebolsillo.com\/index.php\/wp-json\/wp\/v2\/product"}],"about":[{"href":"https:\/\/libreriahistoriasdebolsillo.com\/index.php\/wp-json\/wp\/v2\/types\/product"}],"wp:featuredmedia":[{"embeddable":true,"href":"https:\/\/libreriahistoriasdebolsillo.com\/index.php\/wp-json\/wp\/v2\/media\/1853"}],"wp:attachment":[{"href":"https:\/\/libreriahistoriasdebolsillo.com\/index.php\/wp-json\/wp\/v2\/media?parent=1851"}],"wp:term":[{"taxonomy":"product_brand","embeddable":true,"href":"https:\/\/libreriahistoriasdebolsillo.com\/index.php\/wp-json\/wp\/v2\/product_brand?post=1851"},{"taxonomy":"product_cat","embeddable":true,"href":"https:\/\/libreriahistoriasdebolsillo.com\/index.php\/wp-json\/wp\/v2\/product_cat?post=1851"},{"taxonomy":"product_tag","embeddable":true,"href":"https:\/\/libreriahistoriasdebolsillo.com\/index.php\/wp-json\/wp\/v2\/product_tag?post=1851"}],"curies":[{"name":"wp","href":"https:\/\/api.w.org\/{rel}","templated":true}]}}