{"id":1854,"date":"2023-11-24T17:24:52","date_gmt":"2023-11-24T23:24:52","guid":{"rendered":"https:\/\/libreriahistoriasdebolsillo.com\/?post_type=product&#038;p=1854"},"modified":"2024-01-05T11:29:41","modified_gmt":"2024-01-05T17:29:41","slug":"las-minas-y-los-mineros","status":"publish","type":"product","link":"https:\/\/libreriahistoriasdebolsillo.com\/index.php\/producto\/las-minas-y-los-mineros\/","title":{"rendered":"Las minas y los mineros"},"content":{"rendered":"<p>En<i>\u00a0Las minas y los mineros<\/i>, obra de innegable originalidad, Pedro Castera\u00a0<b>recrea magistralmente el ambiente minero del M\u00e9xico decimon\u00f3nico<\/b>, con una serie de narraciones llenas de intensidad, en las que personajes de muy diversas condiciones sociales y morales, ni\u00f1os, mujeres y hombres, est\u00e1n expuestos a los peligros de la naturaleza y de sus propias pasiones.<\/p>\n<p>El presente volumen, a cargo de Dulce Mar\u00eda Adame Gonz\u00e1lez, especialista en literatura mexicana del siglo XIX, se basa en la edici\u00f3n de 1887 e incluye un ap\u00e9ndice con otros dos textos mineros del autor, as\u00ed como un breve glosario que, a modo de gu\u00eda, acompa\u00f1e al lector en esta exploraci\u00f3n literaria de las profundidades del subsuelo nacional.<\/p>\n","protected":false},"excerpt":{"rendered":"<p>Pedro Castera<\/p>\n","protected":false},"featured_media":1856,"template":"","meta":{"_joinchat":[]},"product_brand":[],"product_cat":[42],"product_tag":[34],"class_list":{"0":"post-1854","1":"product","2":"type-product","3":"status-publish","4":"has-post-thumbnail","6":"product_cat-literatura-clasica","7":"product_tag-penguin-random-house","9":"first","10":"outofstock","11":"shipping-taxable","12":"purchasable","13":"product-type-simple"},"_links":{"self":[{"href":"https:\/\/libreriahistoriasdebolsillo.com\/index.php\/wp-json\/wp\/v2\/product\/1854","targetHints":{"allow":["GET"]}}],"collection":[{"href":"https:\/\/libreriahistoriasdebolsillo.com\/index.php\/wp-json\/wp\/v2\/product"}],"about":[{"href":"https:\/\/libreriahistoriasdebolsillo.com\/index.php\/wp-json\/wp\/v2\/types\/product"}],"wp:featuredmedia":[{"embeddable":true,"href":"https:\/\/libreriahistoriasdebolsillo.com\/index.php\/wp-json\/wp\/v2\/media\/1856"}],"wp:attachment":[{"href":"https:\/\/libreriahistoriasdebolsillo.com\/index.php\/wp-json\/wp\/v2\/media?parent=1854"}],"wp:term":[{"taxonomy":"product_brand","embeddable":true,"href":"https:\/\/libreriahistoriasdebolsillo.com\/index.php\/wp-json\/wp\/v2\/product_brand?post=1854"},{"taxonomy":"product_cat","embeddable":true,"href":"https:\/\/libreriahistoriasdebolsillo.com\/index.php\/wp-json\/wp\/v2\/product_cat?post=1854"},{"taxonomy":"product_tag","embeddable":true,"href":"https:\/\/libreriahistoriasdebolsillo.com\/index.php\/wp-json\/wp\/v2\/product_tag?post=1854"}],"curies":[{"name":"wp","href":"https:\/\/api.w.org\/{rel}","templated":true}]}}