{"id":1860,"date":"2023-11-24T17:29:38","date_gmt":"2023-11-24T23:29:38","guid":{"rendered":"https:\/\/libreriahistoriasdebolsillo.com\/?post_type=product&#038;p=1860"},"modified":"2025-03-08T14:16:25","modified_gmt":"2025-03-08T20:16:25","slug":"la-guerra-de-los-mundos","status":"publish","type":"product","link":"https:\/\/libreriahistoriasdebolsillo.com\/index.php\/producto\/la-guerra-de-los-mundos\/","title":{"rendered":"La guerra de los mundos"},"content":{"rendered":"<p>A fines del siglo XIX, en pleno auge del positivismo, hab\u00eda una fe ciega en la ciencia y en los cient\u00edficos. El hombre pensaba que era el \u00fanico ser viviente en el universo pero no era as\u00ed: desde Marte, nuestros vecinos miraban el planeta Tierra con ojos codiciosos. Ellos hab\u00edan entrado en la etapa del enfriamiento, y ya no ten\u00edan animales, ni plantas ni diferencia en las estaciones. Nosotros ten\u00edamos todo eso, y lo que no sab\u00edamos era que ellos pose\u00edan una Inteligencia superior a la nuestra. Despu\u00e9s de observarnos a diario, decidieron llevar a la pr\u00e1ctica sus planes: comienza la invasi\u00f3n con el lanzamiento de extra\u00f1os cilindros que parecen estrellas fugaces en el cielo. Vienen por nuestro planeta, vienen por nosotros.<\/p>\n","protected":false},"excerpt":{"rendered":"<p>H.G. Wells<\/p>\n","protected":false},"featured_media":2717,"template":"","meta":{"_joinchat":[]},"product_brand":[],"product_cat":[40,42],"product_tag":[34],"class_list":{"0":"post-1860","1":"product","2":"type-product","3":"status-publish","4":"has-post-thumbnail","6":"product_cat-ciencia-ficcion","7":"product_cat-literatura-clasica","8":"product_tag-penguin-random-house","10":"first","11":"outofstock","12":"shipping-taxable","13":"purchasable","14":"product-type-simple"},"_links":{"self":[{"href":"https:\/\/libreriahistoriasdebolsillo.com\/index.php\/wp-json\/wp\/v2\/product\/1860","targetHints":{"allow":["GET"]}}],"collection":[{"href":"https:\/\/libreriahistoriasdebolsillo.com\/index.php\/wp-json\/wp\/v2\/product"}],"about":[{"href":"https:\/\/libreriahistoriasdebolsillo.com\/index.php\/wp-json\/wp\/v2\/types\/product"}],"wp:featuredmedia":[{"embeddable":true,"href":"https:\/\/libreriahistoriasdebolsillo.com\/index.php\/wp-json\/wp\/v2\/media\/2717"}],"wp:attachment":[{"href":"https:\/\/libreriahistoriasdebolsillo.com\/index.php\/wp-json\/wp\/v2\/media?parent=1860"}],"wp:term":[{"taxonomy":"product_brand","embeddable":true,"href":"https:\/\/libreriahistoriasdebolsillo.com\/index.php\/wp-json\/wp\/v2\/product_brand?post=1860"},{"taxonomy":"product_cat","embeddable":true,"href":"https:\/\/libreriahistoriasdebolsillo.com\/index.php\/wp-json\/wp\/v2\/product_cat?post=1860"},{"taxonomy":"product_tag","embeddable":true,"href":"https:\/\/libreriahistoriasdebolsillo.com\/index.php\/wp-json\/wp\/v2\/product_tag?post=1860"}],"curies":[{"name":"wp","href":"https:\/\/api.w.org\/{rel}","templated":true}]}}