{"id":1867,"date":"2023-11-24T17:39:18","date_gmt":"2023-11-24T23:39:18","guid":{"rendered":"https:\/\/libreriahistoriasdebolsillo.com\/?post_type=product&#038;p=1867"},"modified":"2023-11-29T22:15:29","modified_gmt":"2023-11-30T04:15:29","slug":"ana-de-la-isla","status":"publish","type":"product","link":"https:\/\/libreriahistoriasdebolsillo.com\/index.php\/producto\/ana-de-la-isla\/","title":{"rendered":"Ana de la isla (Pasta dura)"},"content":{"rendered":"<p>Nuevas aventuras se avecinan cuando Ana Shirley hace las maletas, se despide de la infancia y se dirige a Redmond College. Con su vieja amiga Prissy Grant esperando en la bulliciosa ciudad de Kingsport y su fr\u00edvola nueva amiga, Philippa Gordon a su lado. Ana guarda sus recuerdos de la zona rural de Avonlea y descubre la vida en sus propios t\u00e9rminos, llena de sorpresas incluida una propuesta de matrimonio del peor compa\u00f1ero imaginable, la publicaci\u00f3n de su primera historia y una tragedia que le ense\u00f1a una lecci\u00f3n dolorosa. Pero las l\u00e1grimas se convierten en risas cuando Ana y sus amigas se mudan a una vieja casa de campo y un gato negro malhumorado le roba el coraz\u00f3n. De pronto, Ana debe decidir si est\u00e1 lista para el amor. El extraordinario y tierno personaje creado por Lucy Maud Montgomery es un retrato de juventud tan c\u00e1lido y apasionado como ingenioso y divertido. El car\u00e1cter determinado de Ana y su v\u00edvida imaginaci\u00f3n la han convertido en un personaje muy querido por chicos y grandes que ha inspirado numerosas pel\u00edculas y recientemente la exitosa serie de streaming Anne with an E.<\/p>\n","protected":false},"excerpt":{"rendered":"<p>Lucy Maud Montgomeri<\/p>\n<p>edici\u00f3n en pasta dura<\/p>\n","protected":false},"featured_media":2713,"template":"","meta":{"_joinchat":[]},"product_brand":[],"product_cat":[42,51],"product_tag":[47],"class_list":{"0":"post-1867","1":"product","2":"type-product","3":"status-publish","4":"has-post-thumbnail","6":"product_cat-literatura-clasica","7":"product_cat-oferta","8":"product_tag-editories-mexicanos-unidos","10":"first","11":"instock","12":"sale","13":"shipping-taxable","14":"purchasable","15":"product-type-simple"},"_links":{"self":[{"href":"https:\/\/libreriahistoriasdebolsillo.com\/index.php\/wp-json\/wp\/v2\/product\/1867","targetHints":{"allow":["GET"]}}],"collection":[{"href":"https:\/\/libreriahistoriasdebolsillo.com\/index.php\/wp-json\/wp\/v2\/product"}],"about":[{"href":"https:\/\/libreriahistoriasdebolsillo.com\/index.php\/wp-json\/wp\/v2\/types\/product"}],"wp:featuredmedia":[{"embeddable":true,"href":"https:\/\/libreriahistoriasdebolsillo.com\/index.php\/wp-json\/wp\/v2\/media\/2713"}],"wp:attachment":[{"href":"https:\/\/libreriahistoriasdebolsillo.com\/index.php\/wp-json\/wp\/v2\/media?parent=1867"}],"wp:term":[{"taxonomy":"product_brand","embeddable":true,"href":"https:\/\/libreriahistoriasdebolsillo.com\/index.php\/wp-json\/wp\/v2\/product_brand?post=1867"},{"taxonomy":"product_cat","embeddable":true,"href":"https:\/\/libreriahistoriasdebolsillo.com\/index.php\/wp-json\/wp\/v2\/product_cat?post=1867"},{"taxonomy":"product_tag","embeddable":true,"href":"https:\/\/libreriahistoriasdebolsillo.com\/index.php\/wp-json\/wp\/v2\/product_tag?post=1867"}],"curies":[{"name":"wp","href":"https:\/\/api.w.org\/{rel}","templated":true}]}}