{"id":1869,"date":"2023-11-24T17:40:56","date_gmt":"2023-11-24T23:40:56","guid":{"rendered":"https:\/\/libreriahistoriasdebolsillo.com\/?post_type=product&#038;p=1869"},"modified":"2023-11-29T22:15:13","modified_gmt":"2023-11-30T04:15:13","slug":"ana-de-los-alamos-ventosos","status":"publish","type":"product","link":"https:\/\/libreriahistoriasdebolsillo.com\/index.php\/producto\/ana-de-los-alamos-ventosos\/","title":{"rendered":"Ana de los alamos ventosos (Pasta dura)"},"content":{"rendered":"<p>Ana, de los \u00c1lamos Ventosos, cuarto volumen de la colecci\u00f3n de Ana contin\u00faa esta vez en una recreaci\u00f3n del g\u00e9nero epistolar, la narraci\u00f3n de las aventuras de la pelirroja. Nuestra amiga deja atr\u00e1s Redmond College para comenzar con un nuevo empleo y cap\u00edtulo de su vida lejos de su amada Tejas Verdes. Ahora trabajar\u00e1 como directora de un colegio en Summerside, donde se enfrentara con nuevo reto los Pringle &lt;&lt;la Familia Real&gt;&gt; de la ciudad, que muy pronto le har\u00e1n ver que ella no es la persona que esperaban.<\/p>\n<p>Durante su estancia se hospedar\u00e1 en \u00c1lamos Ventosos junto con dos ancianas viudas y su gato, Dusty Miller. Ana deber\u00e1 aprender a relacionarse con los exc\u00e9ntricos habitantes del pueblo para ganarse su simpat\u00eda y encontrar nuevos amigos.<br \/>\nTras muchas peripecias, entre ellas varias bodas, Ana regresar\u00e1 a Avonlea para preparar su propio casamiento.<br \/>\npor su tono sincero y su narrativa \u00e1gil y divertida, la obra de L. M. Montgommery ha alcanzado la estatura de un cl\u00e1sico de la literatura juvenil que ha inspirado numerosas pel\u00edculas y recientemiente la exitosa serie de estreaming Anne with an E.<\/p>\n","protected":false},"excerpt":{"rendered":"<p>Lucy Maud Montgomeri<\/p>\n<p>edici\u00f3n en pasta dura<\/p>\n","protected":false},"featured_media":2699,"template":"","meta":{"_joinchat":[]},"product_brand":[],"product_cat":[42,51],"product_tag":[47],"class_list":{"0":"post-1869","1":"product","2":"type-product","3":"status-publish","4":"has-post-thumbnail","6":"product_cat-literatura-clasica","7":"product_cat-oferta","8":"product_tag-editories-mexicanos-unidos","10":"first","11":"instock","12":"sale","13":"shipping-taxable","14":"purchasable","15":"product-type-simple"},"_links":{"self":[{"href":"https:\/\/libreriahistoriasdebolsillo.com\/index.php\/wp-json\/wp\/v2\/product\/1869","targetHints":{"allow":["GET"]}}],"collection":[{"href":"https:\/\/libreriahistoriasdebolsillo.com\/index.php\/wp-json\/wp\/v2\/product"}],"about":[{"href":"https:\/\/libreriahistoriasdebolsillo.com\/index.php\/wp-json\/wp\/v2\/types\/product"}],"wp:featuredmedia":[{"embeddable":true,"href":"https:\/\/libreriahistoriasdebolsillo.com\/index.php\/wp-json\/wp\/v2\/media\/2699"}],"wp:attachment":[{"href":"https:\/\/libreriahistoriasdebolsillo.com\/index.php\/wp-json\/wp\/v2\/media?parent=1869"}],"wp:term":[{"taxonomy":"product_brand","embeddable":true,"href":"https:\/\/libreriahistoriasdebolsillo.com\/index.php\/wp-json\/wp\/v2\/product_brand?post=1869"},{"taxonomy":"product_cat","embeddable":true,"href":"https:\/\/libreriahistoriasdebolsillo.com\/index.php\/wp-json\/wp\/v2\/product_cat?post=1869"},{"taxonomy":"product_tag","embeddable":true,"href":"https:\/\/libreriahistoriasdebolsillo.com\/index.php\/wp-json\/wp\/v2\/product_tag?post=1869"}],"curies":[{"name":"wp","href":"https:\/\/api.w.org\/{rel}","templated":true}]}}