{"id":1871,"date":"2023-11-24T17:43:07","date_gmt":"2023-11-24T23:43:07","guid":{"rendered":"https:\/\/libreriahistoriasdebolsillo.com\/?post_type=product&#038;p=1871"},"modified":"2023-11-29T22:11:44","modified_gmt":"2023-11-30T04:11:44","slug":"cuentos-de-perrault","status":"publish","type":"product","link":"https:\/\/libreriahistoriasdebolsillo.com\/index.php\/producto\/cuentos-de-perrault\/","title":{"rendered":"Cuentos de Perrault (Pasta dura)"},"content":{"rendered":"<p>Las versiones de Charles Perrault dieron estatus de\u00a0\u00a0 cl\u00e1sicos a los sencillos cuentos de hadas, y es que gracias a su virtuosa pluma, las historias de Caperucita Roja, La Bella Durmiente, Cenicienta y dem\u00e1s se han transmitido desde el siglo XVII hasta nuestros d\u00edas. Los cuentos de Perrault se disfrutaron en los salones de Luis XIV tanto como se amaban en las guarder\u00edas, y es su ingenio, humor y detalles vivos los que capturan la imaginaci\u00f3n de adultos y ni\u00f1os por igual. Transmutan en v\u00edvidas fantas\u00edas los miedos y conflictos ocultos que afectan a los peque\u00f1os: miedo al abandono, o peor, conflictos con hermanos y padres, y las pruebas de crecer.<\/p>\n<p>Adem\u00e1s de las historias conocidas por todos, esta edici\u00f3n incluye los cuentos menos c\u00e9lebres del autor: el inquietante relato de la paciente Gris\u00e9lida, el divertido Los deseos rid\u00edculos y la inolvidable historia que se narra en la Piel de asno.<\/p>\n","protected":false},"excerpt":{"rendered":"<p>Charles Perrault<\/p>\n<p>edici\u00f3n en pasta dura<\/p>\n","protected":false},"featured_media":1872,"template":"","meta":{"_joinchat":[]},"product_brand":[],"product_cat":[42,51],"product_tag":[47],"class_list":{"0":"post-1871","1":"product","2":"type-product","3":"status-publish","4":"has-post-thumbnail","6":"product_cat-literatura-clasica","7":"product_cat-oferta","8":"product_tag-editories-mexicanos-unidos","10":"first","11":"instock","12":"sale","13":"shipping-taxable","14":"purchasable","15":"product-type-simple"},"_links":{"self":[{"href":"https:\/\/libreriahistoriasdebolsillo.com\/index.php\/wp-json\/wp\/v2\/product\/1871","targetHints":{"allow":["GET"]}}],"collection":[{"href":"https:\/\/libreriahistoriasdebolsillo.com\/index.php\/wp-json\/wp\/v2\/product"}],"about":[{"href":"https:\/\/libreriahistoriasdebolsillo.com\/index.php\/wp-json\/wp\/v2\/types\/product"}],"wp:featuredmedia":[{"embeddable":true,"href":"https:\/\/libreriahistoriasdebolsillo.com\/index.php\/wp-json\/wp\/v2\/media\/1872"}],"wp:attachment":[{"href":"https:\/\/libreriahistoriasdebolsillo.com\/index.php\/wp-json\/wp\/v2\/media?parent=1871"}],"wp:term":[{"taxonomy":"product_brand","embeddable":true,"href":"https:\/\/libreriahistoriasdebolsillo.com\/index.php\/wp-json\/wp\/v2\/product_brand?post=1871"},{"taxonomy":"product_cat","embeddable":true,"href":"https:\/\/libreriahistoriasdebolsillo.com\/index.php\/wp-json\/wp\/v2\/product_cat?post=1871"},{"taxonomy":"product_tag","embeddable":true,"href":"https:\/\/libreriahistoriasdebolsillo.com\/index.php\/wp-json\/wp\/v2\/product_tag?post=1871"}],"curies":[{"name":"wp","href":"https:\/\/api.w.org\/{rel}","templated":true}]}}