{"id":1873,"date":"2023-11-24T17:48:01","date_gmt":"2023-11-24T23:48:01","guid":{"rendered":"https:\/\/libreriahistoriasdebolsillo.com\/?post_type=product&#038;p=1873"},"modified":"2023-12-14T15:20:06","modified_gmt":"2023-12-14T21:20:06","slug":"el-libro-de-la-selva-2","status":"publish","type":"product","link":"https:\/\/libreriahistoriasdebolsillo.com\/index.php\/producto\/el-libro-de-la-selva-2\/","title":{"rendered":"El libro de la selva (Pasta dura)"},"content":{"rendered":"<p>Adentrarse a las p\u00e1ginas del Libro de la Selva, tambi\u00e9n llamado El libro de las tierras v\u00edrgenes, es una experiencia que a pocos dejar\u00e1 sin asombro, casi nadie estar\u00e1 exento de encontrar significados profundos en este relato que habla sobre un \u00abcachorro humano\u00bb criado por los lobos en la espesura de la selva india.<\/p>\n<p>Kipling juega en su obra con dos ideas que hace convivir a trav\u00e9s de los personajes animales y humanos: por una parte, la de la libertad y el desarrollo de una personalidad cr\u00edtica y capaz de tomar decisiones, y por otra, la necesidad de pertenecer a la comunidad, a una familia, y respetar las normas que hagan posible la convivencia,<\/p>\n<p>El Libro de la Selva no es solo una historia sobre animales, nos habla tambi\u00e9n de la libertad, de la amistad, del esfuerzo, de los peligros que nos encontramos en el camino y, sobre todo, del respeto.<\/p>\n","protected":false},"excerpt":{"rendered":"<p>Rudyard Kipling<\/p>\n<p>edici\u00f3n en pasta dura<\/p>\n","protected":false},"featured_media":2706,"template":"","meta":{"_joinchat":[]},"product_brand":[],"product_cat":[42,51],"product_tag":[47],"class_list":{"0":"post-1873","1":"product","2":"type-product","3":"status-publish","4":"has-post-thumbnail","6":"product_cat-literatura-clasica","7":"product_cat-oferta","8":"product_tag-editories-mexicanos-unidos","10":"first","11":"outofstock","12":"sale","13":"shipping-taxable","14":"purchasable","15":"product-type-simple"},"_links":{"self":[{"href":"https:\/\/libreriahistoriasdebolsillo.com\/index.php\/wp-json\/wp\/v2\/product\/1873","targetHints":{"allow":["GET"]}}],"collection":[{"href":"https:\/\/libreriahistoriasdebolsillo.com\/index.php\/wp-json\/wp\/v2\/product"}],"about":[{"href":"https:\/\/libreriahistoriasdebolsillo.com\/index.php\/wp-json\/wp\/v2\/types\/product"}],"wp:featuredmedia":[{"embeddable":true,"href":"https:\/\/libreriahistoriasdebolsillo.com\/index.php\/wp-json\/wp\/v2\/media\/2706"}],"wp:attachment":[{"href":"https:\/\/libreriahistoriasdebolsillo.com\/index.php\/wp-json\/wp\/v2\/media?parent=1873"}],"wp:term":[{"taxonomy":"product_brand","embeddable":true,"href":"https:\/\/libreriahistoriasdebolsillo.com\/index.php\/wp-json\/wp\/v2\/product_brand?post=1873"},{"taxonomy":"product_cat","embeddable":true,"href":"https:\/\/libreriahistoriasdebolsillo.com\/index.php\/wp-json\/wp\/v2\/product_cat?post=1873"},{"taxonomy":"product_tag","embeddable":true,"href":"https:\/\/libreriahistoriasdebolsillo.com\/index.php\/wp-json\/wp\/v2\/product_tag?post=1873"}],"curies":[{"name":"wp","href":"https:\/\/api.w.org\/{rel}","templated":true}]}}