{"id":1881,"date":"2023-11-24T17:59:03","date_gmt":"2023-11-24T23:59:03","guid":{"rendered":"https:\/\/libreriahistoriasdebolsillo.com\/?post_type=product&#038;p=1881"},"modified":"2024-02-23T13:17:40","modified_gmt":"2024-02-23T19:17:40","slug":"persuasion","status":"publish","type":"product","link":"https:\/\/libreriahistoriasdebolsillo.com\/index.php\/producto\/persuasion\/","title":{"rendered":"Persuasi\u00f3n (Pasta dura)"},"content":{"rendered":"<p>Jane Austen es un personaje clave en el desarrollo de la literatura inglesa, pues su obra dio a la novela un car\u00e1cter claramente moderno, adem\u00e1s de su caracter\u00edstico tinte descriptivo, rom\u00e1ntico e ir\u00f3nico en escenas de la sociedad inglesa de su \u00e9poca; por ello sus obras, a dos siglos de sus primeras publicaciones, contin\u00faan siendo \u00e9xitos cr\u00edticos y populares, posicion\u00e1ndose como cl\u00e1sicos literarios, adem\u00e1s, Jane Austen lego una cuantiosa cantidad de producci\u00f3n literaria, entra la cual destacan t\u00edtulos como orgullo y prejuicio, Emma, Lady Susan y persuasi\u00f3n. As\u00ed pues, en el presente volumen se ofrece una nueva y cuidada selecci\u00f3n con una traducci\u00f3n al espa\u00f1ol integra de su \u00faltima novela que fue publicada seis meses despu\u00e9s de su muerte: Persuasi\u00f3n, una de sus novelas m\u00e1s oscuras por la r\u00edgida critica a la sociedad inglesa del siglo XIX; la manera que el lector ser\u00e1 testigo del talento \u00fanico de Jane Austen con una trama donde una mujer madura, sensible y menos preciada, es persuadida de rechazar al hombre que ama, pero a\u00f1os despu\u00e9s ve como este reaparece en su vida, rico, honorable, aunque todav\u00eda despechado; as\u00ed pues, esta mujer deber\u00e1 luchar con la finalidad de que el amor le conceda una segunda oportunidad.<\/p>\n","protected":false},"excerpt":{"rendered":"<p>Jane Austen<\/p>\n<p>edici\u00f3n en pasta dura<\/p>\n","protected":false},"featured_media":1882,"template":"","meta":{"_joinchat":[]},"product_brand":[],"product_cat":[42,51],"product_tag":[47],"class_list":{"0":"post-1881","1":"product","2":"type-product","3":"status-publish","4":"has-post-thumbnail","6":"product_cat-literatura-clasica","7":"product_cat-oferta","8":"product_tag-editories-mexicanos-unidos","10":"first","11":"outofstock","12":"sale","13":"shipping-taxable","14":"purchasable","15":"product-type-simple"},"_links":{"self":[{"href":"https:\/\/libreriahistoriasdebolsillo.com\/index.php\/wp-json\/wp\/v2\/product\/1881","targetHints":{"allow":["GET"]}}],"collection":[{"href":"https:\/\/libreriahistoriasdebolsillo.com\/index.php\/wp-json\/wp\/v2\/product"}],"about":[{"href":"https:\/\/libreriahistoriasdebolsillo.com\/index.php\/wp-json\/wp\/v2\/types\/product"}],"wp:featuredmedia":[{"embeddable":true,"href":"https:\/\/libreriahistoriasdebolsillo.com\/index.php\/wp-json\/wp\/v2\/media\/1882"}],"wp:attachment":[{"href":"https:\/\/libreriahistoriasdebolsillo.com\/index.php\/wp-json\/wp\/v2\/media?parent=1881"}],"wp:term":[{"taxonomy":"product_brand","embeddable":true,"href":"https:\/\/libreriahistoriasdebolsillo.com\/index.php\/wp-json\/wp\/v2\/product_brand?post=1881"},{"taxonomy":"product_cat","embeddable":true,"href":"https:\/\/libreriahistoriasdebolsillo.com\/index.php\/wp-json\/wp\/v2\/product_cat?post=1881"},{"taxonomy":"product_tag","embeddable":true,"href":"https:\/\/libreriahistoriasdebolsillo.com\/index.php\/wp-json\/wp\/v2\/product_tag?post=1881"}],"curies":[{"name":"wp","href":"https:\/\/api.w.org\/{rel}","templated":true}]}}