{"id":1883,"date":"2023-11-24T18:00:59","date_gmt":"2023-11-25T00:00:59","guid":{"rendered":"https:\/\/libreriahistoriasdebolsillo.com\/?post_type=product&#038;p=1883"},"modified":"2024-06-29T09:28:06","modified_gmt":"2024-06-29T15:28:06","slug":"mujercitas-2","status":"publish","type":"product","link":"https:\/\/libreriahistoriasdebolsillo.com\/index.php\/producto\/mujercitas-2\/","title":{"rendered":"Mujercitas (Pasta dura)"},"content":{"rendered":"<p>Segunda mitad del siglo XIX, Estados Unidos de Am\u00e9rica. La poblaci\u00f3n estadounidense vive uno de los momentos claves en su historia: la guerra de Secesi\u00f3n. Y, mientras unos combaten en el frente, otros viven enfrentando sus propias luchas, no ajenos a la situaci\u00f3n nacional; entre ellos: la familia March. De manera que, Meg, Jo, Beth y Amy tienen que desafiar su dif\u00edcil situaci\u00f3n econ\u00f3mica Junto a Ms. March, su madre, con el apoyo de sus entra\u00f1ables amigos a quienes consideran parte de la familia, mientras su padre se encuentra sirviendo a su naci\u00f3n; as\u00ed, las cuatro hermanas llevan su d\u00eda a d\u00eda entre trabajo duro, juegos, discusiones y complicidad, luchando por no perder su Infancia, ayudar a sus padres, apoyarse una a la otra, cumplir sus sue\u00f1os, servir a otros m\u00e1s necesitados y comportarse como una mujercita. De esta forma, Louisa May Alcott cre\u00f3 una de las m\u00e1s grandes obras en la historia que ha servido como inspiraci\u00f3n para otras renombradas autoras como Simone de Beauvoir, Joyce Carol Oates o Cinthya Ozick. Pues p\u00e1gina a p\u00e1gina, Mujercitas resume el esp\u00edritu cr\u00edtico de una \u00e9poca que a m\u00e1s de ciento cincuenta a\u00f1os sigue impactando, ya que refleja esa lucha constante de ser algo m\u00e1s de lo que dicta la sociedad. As\u00ed, en esta ocasi\u00f3n se presenta una versi\u00f3n \u00edntegra de las dos partes que conforman esta gran obra cl\u00e1sica para que todo lector se vuelva parte de ella y disfrute con legado de la grandeza de Louisa May Alcott.<\/p>\n","protected":false},"excerpt":{"rendered":"<p>Louisa May Alcot<\/p>\n<p>edici\u00f3n en pasta dura<\/p>\n","protected":false},"featured_media":2711,"template":"","meta":{"_joinchat":[]},"product_brand":[],"product_cat":[42,51],"product_tag":[47],"class_list":{"0":"post-1883","1":"product","2":"type-product","3":"status-publish","4":"has-post-thumbnail","6":"product_cat-literatura-clasica","7":"product_cat-oferta","8":"product_tag-editories-mexicanos-unidos","10":"first","11":"outofstock","12":"sale","13":"shipping-taxable","14":"purchasable","15":"product-type-simple"},"_links":{"self":[{"href":"https:\/\/libreriahistoriasdebolsillo.com\/index.php\/wp-json\/wp\/v2\/product\/1883","targetHints":{"allow":["GET"]}}],"collection":[{"href":"https:\/\/libreriahistoriasdebolsillo.com\/index.php\/wp-json\/wp\/v2\/product"}],"about":[{"href":"https:\/\/libreriahistoriasdebolsillo.com\/index.php\/wp-json\/wp\/v2\/types\/product"}],"wp:featuredmedia":[{"embeddable":true,"href":"https:\/\/libreriahistoriasdebolsillo.com\/index.php\/wp-json\/wp\/v2\/media\/2711"}],"wp:attachment":[{"href":"https:\/\/libreriahistoriasdebolsillo.com\/index.php\/wp-json\/wp\/v2\/media?parent=1883"}],"wp:term":[{"taxonomy":"product_brand","embeddable":true,"href":"https:\/\/libreriahistoriasdebolsillo.com\/index.php\/wp-json\/wp\/v2\/product_brand?post=1883"},{"taxonomy":"product_cat","embeddable":true,"href":"https:\/\/libreriahistoriasdebolsillo.com\/index.php\/wp-json\/wp\/v2\/product_cat?post=1883"},{"taxonomy":"product_tag","embeddable":true,"href":"https:\/\/libreriahistoriasdebolsillo.com\/index.php\/wp-json\/wp\/v2\/product_tag?post=1883"}],"curies":[{"name":"wp","href":"https:\/\/api.w.org\/{rel}","templated":true}]}}