{"id":1885,"date":"2023-11-24T18:02:39","date_gmt":"2023-11-25T00:02:39","guid":{"rendered":"https:\/\/libreriahistoriasdebolsillo.com\/?post_type=product&#038;p=1885"},"modified":"2024-03-01T17:08:45","modified_gmt":"2024-03-01T23:08:45","slug":"cumbres-borrascosas","status":"publish","type":"product","link":"https:\/\/libreriahistoriasdebolsillo.com\/index.php\/producto\/cumbres-borrascosas\/","title":{"rendered":"Cumbres borrascosas (Pasta dura)"},"content":{"rendered":"<p>Las hermanas Emily, Charlotte y Anne Bront\u00eb se convirtieron en unas afamadas escritoras y forman parte de ese notable grupo de pioneras que con su trabajo desafiaron a la sociedad victoriana y patriarcal del siglo XIX; sin embargo, como todas ellas, ten\u00edan que utilizar seud\u00f3nimos masculinos para ser consideradas por las editoriales y poder publicar. As\u00ed, Emily firm\u00f3 como Ellis Bell su novela Cumbres borrascosas (Wuthering Heights), publicada en 1847, una obra, que al inicio tuvo una tibia aceptaci\u00f3n, pero con el tiempo se convirti\u00f3 en un cl\u00e1sico de la literatura rom\u00e1ntica inglesa. En \u00e9sta no hay h\u00e9roes; los personajes son descritos con todas sus ambig\u00fcedades, buenas y malas; sin embargo son destacables las virtudes de una mujer como Isabelle, cuya esmerada educaci\u00f3n influy\u00f3 de manera positiva en Jacqueline.<\/p>\n","protected":false},"excerpt":{"rendered":"<p>Emily Bronte<\/p>\n<p>edici\u00f3n en pasta dura<\/p>\n","protected":false},"featured_media":2718,"template":"","meta":{"_joinchat":[]},"product_brand":[],"product_cat":[42,51],"product_tag":[47],"class_list":{"0":"post-1885","1":"product","2":"type-product","3":"status-publish","4":"has-post-thumbnail","6":"product_cat-literatura-clasica","7":"product_cat-oferta","8":"product_tag-editories-mexicanos-unidos","10":"first","11":"outofstock","12":"sale","13":"shipping-taxable","14":"purchasable","15":"product-type-simple"},"_links":{"self":[{"href":"https:\/\/libreriahistoriasdebolsillo.com\/index.php\/wp-json\/wp\/v2\/product\/1885","targetHints":{"allow":["GET"]}}],"collection":[{"href":"https:\/\/libreriahistoriasdebolsillo.com\/index.php\/wp-json\/wp\/v2\/product"}],"about":[{"href":"https:\/\/libreriahistoriasdebolsillo.com\/index.php\/wp-json\/wp\/v2\/types\/product"}],"wp:featuredmedia":[{"embeddable":true,"href":"https:\/\/libreriahistoriasdebolsillo.com\/index.php\/wp-json\/wp\/v2\/media\/2718"}],"wp:attachment":[{"href":"https:\/\/libreriahistoriasdebolsillo.com\/index.php\/wp-json\/wp\/v2\/media?parent=1885"}],"wp:term":[{"taxonomy":"product_brand","embeddable":true,"href":"https:\/\/libreriahistoriasdebolsillo.com\/index.php\/wp-json\/wp\/v2\/product_brand?post=1885"},{"taxonomy":"product_cat","embeddable":true,"href":"https:\/\/libreriahistoriasdebolsillo.com\/index.php\/wp-json\/wp\/v2\/product_cat?post=1885"},{"taxonomy":"product_tag","embeddable":true,"href":"https:\/\/libreriahistoriasdebolsillo.com\/index.php\/wp-json\/wp\/v2\/product_tag?post=1885"}],"curies":[{"name":"wp","href":"https:\/\/api.w.org\/{rel}","templated":true}]}}