{"id":1896,"date":"2023-11-24T18:13:40","date_gmt":"2023-11-25T00:13:40","guid":{"rendered":"https:\/\/libreriahistoriasdebolsillo.com\/?post_type=product&#038;p=1896"},"modified":"2024-01-17T09:11:03","modified_gmt":"2024-01-17T15:11:03","slug":"el-wendigo-y-otros-relatos-extranos-y-macabros","status":"publish","type":"product","link":"https:\/\/libreriahistoriasdebolsillo.com\/index.php\/producto\/el-wendigo-y-otros-relatos-extranos-y-macabros\/","title":{"rendered":"El W\u00e9ndigo y otros relatos extra\u00f1os y macabros (Pasta dura)"},"content":{"rendered":"<p>AIgernon Blackwood \u00abel maestro absoluto e indiscutible de la atm\u00f3sfera fant\u00e1stica\u00bb, en palabras de H.P. Lovecraft, coment\u00f3 acerca de su obra: \u201cMi inter\u00e9s fundamental, supongo, son las se\u00f1ales y pruebas de otros poderes que yacen ocultos en todos nosotros; la extensi\u00f3n, en otras palabras, de la facultad humana. Muchas de mis historias, por lo tanto, tratan de la extensi\u00f3n de la conciencia; el tratamiento especulativo e imaginativo de posibilidades fuera de nuestro rango normal de conciencia\u2026 la palabra \u00absobrenatural\u00bb parece el mejor adjetivo para definirlos en la ficci\u00f3n\u201d. El presente volumen re\u00fane una selecci\u00f3n de mejores relatos de Blackwood, aparte de W\u00e9ndigo, en el que autor nos hace experimentar el terror que invade a un grupo de cazadores cuando sienten la perturbadora presencia de un abominable, otros relatos destacados de esta selecci\u00f3n son Los sauces, que narra las extra\u00f1as y terror\u00edficas experiencias que sufren dos j\u00f3venes excursionistas tras acampar una noche en un misterioso e inquietante islote del Danubio o La vac\u00eda, en el que un investigador ps\u00edquico acude a la llamada de su t\u00eda para pasar una velada una casa encantada que a\u00fan conserva el horror una antigua tragedia.<\/p>\n","protected":false},"excerpt":{"rendered":"<p>Algernon Blackwood<\/p>\n<p>edici\u00f3n en pasta dura<\/p>\n","protected":false},"featured_media":2704,"template":"","meta":{"_joinchat":[]},"product_brand":[],"product_cat":[42,51],"product_tag":[47],"class_list":{"0":"post-1896","1":"product","2":"type-product","3":"status-publish","4":"has-post-thumbnail","6":"product_cat-literatura-clasica","7":"product_cat-oferta","8":"product_tag-editories-mexicanos-unidos","10":"first","11":"outofstock","12":"sale","13":"shipping-taxable","14":"purchasable","15":"product-type-simple"},"_links":{"self":[{"href":"https:\/\/libreriahistoriasdebolsillo.com\/index.php\/wp-json\/wp\/v2\/product\/1896","targetHints":{"allow":["GET"]}}],"collection":[{"href":"https:\/\/libreriahistoriasdebolsillo.com\/index.php\/wp-json\/wp\/v2\/product"}],"about":[{"href":"https:\/\/libreriahistoriasdebolsillo.com\/index.php\/wp-json\/wp\/v2\/types\/product"}],"wp:featuredmedia":[{"embeddable":true,"href":"https:\/\/libreriahistoriasdebolsillo.com\/index.php\/wp-json\/wp\/v2\/media\/2704"}],"wp:attachment":[{"href":"https:\/\/libreriahistoriasdebolsillo.com\/index.php\/wp-json\/wp\/v2\/media?parent=1896"}],"wp:term":[{"taxonomy":"product_brand","embeddable":true,"href":"https:\/\/libreriahistoriasdebolsillo.com\/index.php\/wp-json\/wp\/v2\/product_brand?post=1896"},{"taxonomy":"product_cat","embeddable":true,"href":"https:\/\/libreriahistoriasdebolsillo.com\/index.php\/wp-json\/wp\/v2\/product_cat?post=1896"},{"taxonomy":"product_tag","embeddable":true,"href":"https:\/\/libreriahistoriasdebolsillo.com\/index.php\/wp-json\/wp\/v2\/product_tag?post=1896"}],"curies":[{"name":"wp","href":"https:\/\/api.w.org\/{rel}","templated":true}]}}