{"id":1900,"date":"2023-11-24T18:17:50","date_gmt":"2023-11-25T00:17:50","guid":{"rendered":"https:\/\/libreriahistoriasdebolsillo.com\/?post_type=product&#038;p=1900"},"modified":"2025-02-17T11:00:25","modified_gmt":"2025-02-17T17:00:25","slug":"medea","status":"publish","type":"product","link":"https:\/\/libreriahistoriasdebolsillo.com\/index.php\/producto\/medea\/","title":{"rendered":"Medea"},"content":{"rendered":"<p>Medea, que se represent\u00f3 en el a\u00f1o 431 a. C., es seguramente su obra maestra. Jas\u00f3n, esposo de Medea y padre de sus hijos, se dispone a repudiarla y a casarse con la hija de Creonte, rey de Corinto. Medea, dominada por la c\u00f3lera, planea desquitarse sin pensar en las consecuencias. Para ello simula haber sido convencida por Jas\u00f3n y env\u00eda a sus hijos con ricos regalos para la novia al palacio de Creonte; pero esos regalos contienen un conjuro mortal. Medea se muestra as\u00ed como una mujer apasionada, despechada y enfurecida por el rechazo, y trama un crimen para consumar su venganza.<\/p>\n","protected":false},"excerpt":{"rendered":"<p>Eur\u00edpides<\/p>\n","protected":false},"featured_media":1902,"template":"","meta":{"_joinchat":[]},"product_brand":[],"product_cat":[42],"product_tag":[48],"class_list":{"0":"post-1900","1":"product","2":"type-product","3":"status-publish","4":"has-post-thumbnail","6":"product_cat-literatura-clasica","7":"product_tag-vr-editoras","9":"first","10":"outofstock","11":"shipping-taxable","12":"purchasable","13":"product-type-simple"},"_links":{"self":[{"href":"https:\/\/libreriahistoriasdebolsillo.com\/index.php\/wp-json\/wp\/v2\/product\/1900","targetHints":{"allow":["GET"]}}],"collection":[{"href":"https:\/\/libreriahistoriasdebolsillo.com\/index.php\/wp-json\/wp\/v2\/product"}],"about":[{"href":"https:\/\/libreriahistoriasdebolsillo.com\/index.php\/wp-json\/wp\/v2\/types\/product"}],"wp:featuredmedia":[{"embeddable":true,"href":"https:\/\/libreriahistoriasdebolsillo.com\/index.php\/wp-json\/wp\/v2\/media\/1902"}],"wp:attachment":[{"href":"https:\/\/libreriahistoriasdebolsillo.com\/index.php\/wp-json\/wp\/v2\/media?parent=1900"}],"wp:term":[{"taxonomy":"product_brand","embeddable":true,"href":"https:\/\/libreriahistoriasdebolsillo.com\/index.php\/wp-json\/wp\/v2\/product_brand?post=1900"},{"taxonomy":"product_cat","embeddable":true,"href":"https:\/\/libreriahistoriasdebolsillo.com\/index.php\/wp-json\/wp\/v2\/product_cat?post=1900"},{"taxonomy":"product_tag","embeddable":true,"href":"https:\/\/libreriahistoriasdebolsillo.com\/index.php\/wp-json\/wp\/v2\/product_tag?post=1900"}],"curies":[{"name":"wp","href":"https:\/\/api.w.org\/{rel}","templated":true}]}}