{"id":1906,"date":"2023-11-24T18:21:08","date_gmt":"2023-11-25T00:21:08","guid":{"rendered":"https:\/\/libreriahistoriasdebolsillo.com\/?post_type=product&#038;p=1906"},"modified":"2025-02-14T16:06:32","modified_gmt":"2025-02-14T22:06:32","slug":"etica-a-nicomaco","status":"publish","type":"product","link":"https:\/\/libreriahistoriasdebolsillo.com\/index.php\/producto\/etica-a-nicomaco\/","title":{"rendered":"\u00c9tica a Nic\u00f3maco"},"content":{"rendered":"<p>Parece claro que la felicidad es el fin \u00faltimo al que aspira la vida humana. Pero \u00bfcu\u00e1l es la verdadera esencia de la felicidad? A esta espinosa cuesti\u00f3n se enfrenta Arist\u00f3teles (384 \u2013 322 a. C.) en la \u00c9tica a Nic\u00f3maco. Resultado de la selecci\u00f3n realizada por su hijo Nic\u00f3maco con las notas que el propio autor utilizaba para sus lecciones en el Liceo, la obra resume las claves de la reflexi\u00f3n moral de su autor. Y a\u00fan m\u00e1s meritorio es el hecho de haber sido \u00e9l quien, por vez primera en la literatura universal, aborda la disciplina como rama filos\u00f3fica independiente. Para Arist\u00f3teles, la \u00e9tica, ciencia de los h\u00e1bitos y el car\u00e1cter, no es un saber meramente te\u00f3rico, sino que despliega una dimensi\u00f3n pr\u00e1ctica en la b\u00fasqueda de la virtud, el bien m\u00e1s preciado por ser patrimonio del alma.<\/p>\n","protected":false},"excerpt":{"rendered":"<p>Arist\u00f3teles<\/p>\n","protected":false},"featured_media":1908,"template":"","meta":{"_joinchat":[]},"product_brand":[],"product_cat":[42],"product_tag":[48],"class_list":{"0":"post-1906","1":"product","2":"type-product","3":"status-publish","4":"has-post-thumbnail","6":"product_cat-literatura-clasica","7":"product_tag-vr-editoras","9":"first","10":"outofstock","11":"shipping-taxable","12":"purchasable","13":"product-type-simple"},"_links":{"self":[{"href":"https:\/\/libreriahistoriasdebolsillo.com\/index.php\/wp-json\/wp\/v2\/product\/1906","targetHints":{"allow":["GET"]}}],"collection":[{"href":"https:\/\/libreriahistoriasdebolsillo.com\/index.php\/wp-json\/wp\/v2\/product"}],"about":[{"href":"https:\/\/libreriahistoriasdebolsillo.com\/index.php\/wp-json\/wp\/v2\/types\/product"}],"wp:featuredmedia":[{"embeddable":true,"href":"https:\/\/libreriahistoriasdebolsillo.com\/index.php\/wp-json\/wp\/v2\/media\/1908"}],"wp:attachment":[{"href":"https:\/\/libreriahistoriasdebolsillo.com\/index.php\/wp-json\/wp\/v2\/media?parent=1906"}],"wp:term":[{"taxonomy":"product_brand","embeddable":true,"href":"https:\/\/libreriahistoriasdebolsillo.com\/index.php\/wp-json\/wp\/v2\/product_brand?post=1906"},{"taxonomy":"product_cat","embeddable":true,"href":"https:\/\/libreriahistoriasdebolsillo.com\/index.php\/wp-json\/wp\/v2\/product_cat?post=1906"},{"taxonomy":"product_tag","embeddable":true,"href":"https:\/\/libreriahistoriasdebolsillo.com\/index.php\/wp-json\/wp\/v2\/product_tag?post=1906"}],"curies":[{"name":"wp","href":"https:\/\/api.w.org\/{rel}","templated":true}]}}