{"id":1909,"date":"2023-11-24T18:23:22","date_gmt":"2023-11-25T00:23:22","guid":{"rendered":"https:\/\/libreriahistoriasdebolsillo.com\/?post_type=product&#038;p=1909"},"modified":"2024-09-04T14:44:13","modified_gmt":"2024-09-04T20:44:13","slug":"la-metamorfosis","status":"publish","type":"product","link":"https:\/\/libreriahistoriasdebolsillo.com\/index.php\/producto\/la-metamorfosis\/","title":{"rendered":"La metamorfosis (Pasta dura)"},"content":{"rendered":"<p>Ovidio es un gran poeta que llen\u00f3 los deslumbrantes a\u00f1os de la edad de oro octaviana, y despunt\u00f3 en el horizonte literario latino con un esplendor inusitado. En Las metamorfosis, el poeta re\u00fane una deslumbrante variedad de cuentos mitol\u00f3gicos, ingeniosamente vinculados por la idea de transformaci\u00f3n, a menudo como resultado del amor o la lujuria, donde hombres y mujeres se encuentran transformados m\u00e1gicamente en seres nuevos y, a veces, extraordinarios. Comenzando con la creaci\u00f3n del mundo y terminando con la deificaci\u00f3n de Augusto, Ovidio entrelaza muchos de los mitos y leyendas m\u00e1s conocidos de la antigua Grecia y Roma, incluidos D\u00e9dalo e \u00cdcaro, P\u00edramo y Tisbe, Pigmali\u00f3n, Perseo y Andr\u00f3meda, y la ca\u00edda de Troya. Erudito, pero a la vez desenfadado, dram\u00e1tico y a la vez l\u00fadico, Las Metamorfosis ha influido en escritores y artistas a lo largo de los siglos, desde Shakespeare y Tiziano hasta Picasso y Ted Hughes.<\/p>\n","protected":false},"excerpt":{"rendered":"<p>Ovidio<\/p>\n<p>edici\u00f3n en pasta dura<\/p>\n","protected":false},"featured_media":2707,"template":"","meta":{"_joinchat":[]},"product_brand":[],"product_cat":[42,51],"product_tag":[47],"class_list":{"0":"post-1909","1":"product","2":"type-product","3":"status-publish","4":"has-post-thumbnail","6":"product_cat-literatura-clasica","7":"product_cat-oferta","8":"product_tag-editories-mexicanos-unidos","10":"first","11":"outofstock","12":"sale","13":"shipping-taxable","14":"purchasable","15":"product-type-simple"},"_links":{"self":[{"href":"https:\/\/libreriahistoriasdebolsillo.com\/index.php\/wp-json\/wp\/v2\/product\/1909","targetHints":{"allow":["GET"]}}],"collection":[{"href":"https:\/\/libreriahistoriasdebolsillo.com\/index.php\/wp-json\/wp\/v2\/product"}],"about":[{"href":"https:\/\/libreriahistoriasdebolsillo.com\/index.php\/wp-json\/wp\/v2\/types\/product"}],"wp:featuredmedia":[{"embeddable":true,"href":"https:\/\/libreriahistoriasdebolsillo.com\/index.php\/wp-json\/wp\/v2\/media\/2707"}],"wp:attachment":[{"href":"https:\/\/libreriahistoriasdebolsillo.com\/index.php\/wp-json\/wp\/v2\/media?parent=1909"}],"wp:term":[{"taxonomy":"product_brand","embeddable":true,"href":"https:\/\/libreriahistoriasdebolsillo.com\/index.php\/wp-json\/wp\/v2\/product_brand?post=1909"},{"taxonomy":"product_cat","embeddable":true,"href":"https:\/\/libreriahistoriasdebolsillo.com\/index.php\/wp-json\/wp\/v2\/product_cat?post=1909"},{"taxonomy":"product_tag","embeddable":true,"href":"https:\/\/libreriahistoriasdebolsillo.com\/index.php\/wp-json\/wp\/v2\/product_tag?post=1909"}],"curies":[{"name":"wp","href":"https:\/\/api.w.org\/{rel}","templated":true}]}}