{"id":1911,"date":"2023-11-24T18:25:44","date_gmt":"2023-11-25T00:25:44","guid":{"rendered":"https:\/\/libreriahistoriasdebolsillo.com\/?post_type=product&#038;p=1911"},"modified":"2024-05-11T18:17:50","modified_gmt":"2024-05-12T00:17:50","slug":"meditaciones","status":"publish","type":"product","link":"https:\/\/libreriahistoriasdebolsillo.com\/index.php\/producto\/meditaciones\/","title":{"rendered":"Meditaciones (Pasta dura)"},"content":{"rendered":"<p><span data-offset-key=\"a6u8l-0-0\">Los aforismos que componen las Meditaciones son el \u00fanico testimonio que nos ha llegado de la filosof\u00eda estoica en sentido Pr\u00e1ctico. Estamos ante el diario \u00edntimo del fil\u00f3sofo estoico y emperador de Roma, Marco Aurelio (121-180 d. C.). Sin embargo, a diferencia de la mayor parte de los diarios, aqu\u00ed no encontraremos relatos de episodios cotidianos ni confesiones sentimentales expl\u00edcitas. Tampoco se trata de un libro de reflexiones puramente teor\u00e9ticas. Marco Aurelio se dirige \u201ca s\u00ed mismo\u201d para recordarse m\u00e1ximas que le ayuden como ser a encontrar el balance y vivir bajo el principio cardinal de la filosof\u00eda estoica:<\/span>\u00a0\u201cno podemos controlar lo que pasa a nuestro alrededor, pero s\u00ed lo que pensamos sobre estos eventos\u201d.<\/p>\n","protected":false},"excerpt":{"rendered":"<p>Marco Aurelio<\/p>\n<p>edici\u00f3n en pasta dura<\/p>\n","protected":false},"featured_media":2722,"template":"","meta":{"_joinchat":[]},"product_brand":[],"product_cat":[42,51],"product_tag":[47],"class_list":{"0":"post-1911","1":"product","2":"type-product","3":"status-publish","4":"has-post-thumbnail","6":"product_cat-literatura-clasica","7":"product_cat-oferta","8":"product_tag-editories-mexicanos-unidos","10":"first","11":"outofstock","12":"sale","13":"shipping-taxable","14":"purchasable","15":"product-type-simple"},"_links":{"self":[{"href":"https:\/\/libreriahistoriasdebolsillo.com\/index.php\/wp-json\/wp\/v2\/product\/1911","targetHints":{"allow":["GET"]}}],"collection":[{"href":"https:\/\/libreriahistoriasdebolsillo.com\/index.php\/wp-json\/wp\/v2\/product"}],"about":[{"href":"https:\/\/libreriahistoriasdebolsillo.com\/index.php\/wp-json\/wp\/v2\/types\/product"}],"wp:featuredmedia":[{"embeddable":true,"href":"https:\/\/libreriahistoriasdebolsillo.com\/index.php\/wp-json\/wp\/v2\/media\/2722"}],"wp:attachment":[{"href":"https:\/\/libreriahistoriasdebolsillo.com\/index.php\/wp-json\/wp\/v2\/media?parent=1911"}],"wp:term":[{"taxonomy":"product_brand","embeddable":true,"href":"https:\/\/libreriahistoriasdebolsillo.com\/index.php\/wp-json\/wp\/v2\/product_brand?post=1911"},{"taxonomy":"product_cat","embeddable":true,"href":"https:\/\/libreriahistoriasdebolsillo.com\/index.php\/wp-json\/wp\/v2\/product_cat?post=1911"},{"taxonomy":"product_tag","embeddable":true,"href":"https:\/\/libreriahistoriasdebolsillo.com\/index.php\/wp-json\/wp\/v2\/product_tag?post=1911"}],"curies":[{"name":"wp","href":"https:\/\/api.w.org\/{rel}","templated":true}]}}