{"id":1915,"date":"2023-11-24T18:33:06","date_gmt":"2023-11-25T00:33:06","guid":{"rendered":"https:\/\/libreriahistoriasdebolsillo.com\/?post_type=product&#038;p=1915"},"modified":"2024-03-16T17:02:24","modified_gmt":"2024-03-16T23:02:24","slug":"4-en-1-2","status":"publish","type":"product","link":"https:\/\/libreriahistoriasdebolsillo.com\/index.php\/producto\/4-en-1-2\/","title":{"rendered":"4 en 1 (Pasta dura)"},"content":{"rendered":"<p>Florence Scovel Shinn ense\u00f1\u00f3 metaf\u00edsica en Nueva York durante muchos a\u00f1os. Sus clases siempre fueron muy concurridas y de esa manera ella pudo ofrecer su mensaje a un n\u00famero considerable de personas.<\/p>\n<p>El secreto de su \u00e9xito es que siempre fue ella misma: sencilla, fresca, amistosa y con un gran sentido del humor. Nunca pretendi\u00f3 escribir de una manera formal o erudita. Por esta raz\u00f3n logr\u00f3 atraer el inter\u00e9s de miles de personas que pudieron recibir el mensaje espiritual de una forma convencional y digna, leyendo sus libros b\u00e1sicos de metaf\u00edsica. Este libro es producto de la recopilaci\u00f3n de sus notas y minutas.<\/p>\n","protected":false},"excerpt":{"rendered":"<p>Florence Scovel Shinn<\/p>\n<p>edici\u00f3n en pasta dura<\/p>\n","protected":false},"featured_media":1916,"template":"","meta":{"_joinchat":[]},"product_brand":[],"product_cat":[59,42,51],"product_tag":[47],"class_list":{"0":"post-1915","1":"product","2":"type-product","3":"status-publish","4":"has-post-thumbnail","6":"product_cat-esoterismo","7":"product_cat-literatura-clasica","8":"product_cat-oferta","9":"product_tag-editories-mexicanos-unidos","11":"first","12":"outofstock","13":"sale","14":"shipping-taxable","15":"purchasable","16":"product-type-simple"},"_links":{"self":[{"href":"https:\/\/libreriahistoriasdebolsillo.com\/index.php\/wp-json\/wp\/v2\/product\/1915","targetHints":{"allow":["GET"]}}],"collection":[{"href":"https:\/\/libreriahistoriasdebolsillo.com\/index.php\/wp-json\/wp\/v2\/product"}],"about":[{"href":"https:\/\/libreriahistoriasdebolsillo.com\/index.php\/wp-json\/wp\/v2\/types\/product"}],"wp:featuredmedia":[{"embeddable":true,"href":"https:\/\/libreriahistoriasdebolsillo.com\/index.php\/wp-json\/wp\/v2\/media\/1916"}],"wp:attachment":[{"href":"https:\/\/libreriahistoriasdebolsillo.com\/index.php\/wp-json\/wp\/v2\/media?parent=1915"}],"wp:term":[{"taxonomy":"product_brand","embeddable":true,"href":"https:\/\/libreriahistoriasdebolsillo.com\/index.php\/wp-json\/wp\/v2\/product_brand?post=1915"},{"taxonomy":"product_cat","embeddable":true,"href":"https:\/\/libreriahistoriasdebolsillo.com\/index.php\/wp-json\/wp\/v2\/product_cat?post=1915"},{"taxonomy":"product_tag","embeddable":true,"href":"https:\/\/libreriahistoriasdebolsillo.com\/index.php\/wp-json\/wp\/v2\/product_tag?post=1915"}],"curies":[{"name":"wp","href":"https:\/\/api.w.org\/{rel}","templated":true}]}}