{"id":1919,"date":"2023-11-24T18:36:55","date_gmt":"2023-11-25T00:36:55","guid":{"rendered":"https:\/\/libreriahistoriasdebolsillo.com\/?post_type=product&#038;p=1919"},"modified":"2024-07-02T18:00:50","modified_gmt":"2024-07-03T00:00:50","slug":"el-coran","status":"publish","type":"product","link":"https:\/\/libreriahistoriasdebolsillo.com\/index.php\/producto\/el-coran\/","title":{"rendered":"El Cor\u00e1n (Pasta dura)"},"content":{"rendered":"<p>El Cor\u00e1n es el libro sagrado del islam, la de Dios (en \u00e1rabe All\u0101h) revelada a Mahoma (Muhammad), (de quien se dice que recibi\u00f3 estas revelaciones mediante el arc\u00e1ngel Gabriel (\u011eibr\u012bl) el profeta Mahoma transmiti\u00f3 oralmente y en hojas de palmera, adem\u00e1s de otros medios, las revelaciones tras la muerte del Profeta en de a\u00f1o 632. Sus disc\u00edpulos comenzaron a recopilar estas revelaciones, adoptando la forma que conocemos hoy, es decir, 114 cap\u00edtulos (azoras), cada uno de ellos divido en aleyas. El Cor\u00e1n menciona muchos personajes, tambi\u00e9n aparecen en los libros sagrados del juda\u00edsmo y cl cristianismo (el Tanaj y la Biblia) as\u00ed como en diversos t\u00edtulos de la literatura religiosa, pero con diferencias de detalle; en este sagrado libro figuras como Ad\u00e1n, No\u00e9, Abraham, Mois\u00e9s, Mar\u00eda de Nazaret, Jes\u00fas de Nazaret y Juan el Bautista se mencionan como profetas isl\u00e1micos. La gran importancia de este texto para la cultura musulmana es bien conocida, pues los creyentes del islam afirman que Cor\u00e1n es Palabra de Dios, \u201ceterna e increada\u201d, por lo tanto, debe transmitirse sin la m\u00e1s m\u00ednima alteraci\u00f3n de la lengua original: el \u00e1rabe cl\u00e1sico.<\/p>\n","protected":false},"excerpt":{"rendered":"<p>edici\u00f3n en pasta dura<\/p>\n","protected":false},"featured_media":2703,"template":"","meta":{"_joinchat":[]},"product_brand":[],"product_cat":[42,41,51],"product_tag":[47],"class_list":{"0":"post-1919","1":"product","2":"type-product","3":"status-publish","4":"has-post-thumbnail","6":"product_cat-literatura-clasica","7":"product_cat-desarrollo-humano","8":"product_cat-oferta","9":"product_tag-editories-mexicanos-unidos","11":"first","12":"outofstock","13":"sale","14":"shipping-taxable","15":"purchasable","16":"product-type-simple"},"_links":{"self":[{"href":"https:\/\/libreriahistoriasdebolsillo.com\/index.php\/wp-json\/wp\/v2\/product\/1919","targetHints":{"allow":["GET"]}}],"collection":[{"href":"https:\/\/libreriahistoriasdebolsillo.com\/index.php\/wp-json\/wp\/v2\/product"}],"about":[{"href":"https:\/\/libreriahistoriasdebolsillo.com\/index.php\/wp-json\/wp\/v2\/types\/product"}],"wp:featuredmedia":[{"embeddable":true,"href":"https:\/\/libreriahistoriasdebolsillo.com\/index.php\/wp-json\/wp\/v2\/media\/2703"}],"wp:attachment":[{"href":"https:\/\/libreriahistoriasdebolsillo.com\/index.php\/wp-json\/wp\/v2\/media?parent=1919"}],"wp:term":[{"taxonomy":"product_brand","embeddable":true,"href":"https:\/\/libreriahistoriasdebolsillo.com\/index.php\/wp-json\/wp\/v2\/product_brand?post=1919"},{"taxonomy":"product_cat","embeddable":true,"href":"https:\/\/libreriahistoriasdebolsillo.com\/index.php\/wp-json\/wp\/v2\/product_cat?post=1919"},{"taxonomy":"product_tag","embeddable":true,"href":"https:\/\/libreriahistoriasdebolsillo.com\/index.php\/wp-json\/wp\/v2\/product_tag?post=1919"}],"curies":[{"name":"wp","href":"https:\/\/api.w.org\/{rel}","templated":true}]}}