{"id":1931,"date":"2023-11-24T18:49:16","date_gmt":"2023-11-25T00:49:16","guid":{"rendered":"https:\/\/libreriahistoriasdebolsillo.com\/?post_type=product&#038;p=1931"},"modified":"2024-06-01T16:37:02","modified_gmt":"2024-06-01T22:37:02","slug":"la-historia-del-necronomicon-y-otros-relatos-prohibidos","status":"publish","type":"product","link":"https:\/\/libreriahistoriasdebolsillo.com\/index.php\/producto\/la-historia-del-necronomicon-y-otros-relatos-prohibidos\/","title":{"rendered":"La historia del Necronomic\u00f3n y otros relatos prohibidos (Pasta dura)"},"content":{"rendered":"<p>\u00bfPor qu\u00e9 leer a Lovecraft? Si los miles de copias vendidas y la traducci\u00f3n a m\u00e1s de quince lenguas de sus relatos no son raz\u00f3n suficiente, entonces consideremos que hoy en d\u00eda sigue siendo objeto de una fascinaci\u00f3n muy especial por parte de nuestros contempor\u00e1neos.<br \/>\nSus lectores se encuentran divididos entre un \u00e1vido grupo de entusiastas por lo fant\u00e1stico y oculto, y aquellos escritores y cr\u00edticos, desde Borges a Houellebecq, que han sabido ver m\u00e1s all\u00e1 de los monstruos de grandes tent\u00e1culos que ilustran las cubiertas de sus libros y apreciar la substancia literaria y filos\u00f3fica de su trabajo.<\/p>\n","protected":false},"excerpt":{"rendered":"<p>H.P. Lovecraft<\/p>\n<p>edici\u00f3n de bolsillo en pasta dura<\/p>\n","protected":false},"featured_media":1932,"template":"","meta":{"_joinchat":[]},"product_brand":[],"product_cat":[42,51],"product_tag":[47],"class_list":{"0":"post-1931","1":"product","2":"type-product","3":"status-publish","4":"has-post-thumbnail","6":"product_cat-literatura-clasica","7":"product_cat-oferta","8":"product_tag-editories-mexicanos-unidos","10":"first","11":"outofstock","12":"shipping-taxable","13":"purchasable","14":"product-type-simple"},"_links":{"self":[{"href":"https:\/\/libreriahistoriasdebolsillo.com\/index.php\/wp-json\/wp\/v2\/product\/1931","targetHints":{"allow":["GET"]}}],"collection":[{"href":"https:\/\/libreriahistoriasdebolsillo.com\/index.php\/wp-json\/wp\/v2\/product"}],"about":[{"href":"https:\/\/libreriahistoriasdebolsillo.com\/index.php\/wp-json\/wp\/v2\/types\/product"}],"wp:featuredmedia":[{"embeddable":true,"href":"https:\/\/libreriahistoriasdebolsillo.com\/index.php\/wp-json\/wp\/v2\/media\/1932"}],"wp:attachment":[{"href":"https:\/\/libreriahistoriasdebolsillo.com\/index.php\/wp-json\/wp\/v2\/media?parent=1931"}],"wp:term":[{"taxonomy":"product_brand","embeddable":true,"href":"https:\/\/libreriahistoriasdebolsillo.com\/index.php\/wp-json\/wp\/v2\/product_brand?post=1931"},{"taxonomy":"product_cat","embeddable":true,"href":"https:\/\/libreriahistoriasdebolsillo.com\/index.php\/wp-json\/wp\/v2\/product_cat?post=1931"},{"taxonomy":"product_tag","embeddable":true,"href":"https:\/\/libreriahistoriasdebolsillo.com\/index.php\/wp-json\/wp\/v2\/product_tag?post=1931"}],"curies":[{"name":"wp","href":"https:\/\/api.w.org\/{rel}","templated":true}]}}