{"id":1939,"date":"2023-11-24T18:55:51","date_gmt":"2023-11-25T00:55:51","guid":{"rendered":"https:\/\/libreriahistoriasdebolsillo.com\/?post_type=product&#038;p=1939"},"modified":"2025-12-09T16:33:30","modified_gmt":"2025-12-09T22:33:30","slug":"mitos-de-los-nordicos-de-las-eddas-y-las-sagas","status":"publish","type":"product","link":"https:\/\/libreriahistoriasdebolsillo.com\/index.php\/producto\/mitos-de-los-nordicos-de-las-eddas-y-las-sagas\/","title":{"rendered":"Mitos de los n\u00f3rdicos, de las eddas y las sagas"},"content":{"rendered":"<p>Nadie discutir\u00e1 ahora la importancia primordial de los toscos fragmentos de poes\u00eda conservados en la literatura islandesa primitiva, pero hay en los tiempos recientes una extraordinaria indiferencia hacia la riqueza de la tradici\u00f3n religiosa y el conocimiento m\u00edtico que contienen. El largo descuido de estos preciosos registros de nuestros antepasados paganos no es culpa del material en el que est\u00e1 consagrado todo lo que sobrevive de sus creencias religiosas, ya que se puede afirmar con seguridad que la Edda es tan rica en los elementos esenciales del romance nacional y la imaginaci\u00f3n racial, por duro que sea, como la m\u00e1s elegante e id\u00edlica mitolog\u00eda del sur. Este documento rescata, desde lo m\u00e1s esencial, toda la tradici\u00f3n n\u00f3rdica que hab\u00eda sido olvidada a trav\u00e9s de los tiempos.<\/p>\n","protected":false},"excerpt":{"rendered":"<p>H.A. Guerber<\/p>\n","protected":false},"featured_media":2725,"template":"","meta":{"_joinchat":[]},"product_brand":[],"product_cat":[42,51],"product_tag":[47],"class_list":{"0":"post-1939","1":"product","2":"type-product","3":"status-publish","4":"has-post-thumbnail","6":"product_cat-literatura-clasica","7":"product_cat-oferta","8":"product_tag-editories-mexicanos-unidos","10":"first","11":"outofstock","12":"sale","13":"shipping-taxable","14":"purchasable","15":"product-type-simple"},"_links":{"self":[{"href":"https:\/\/libreriahistoriasdebolsillo.com\/index.php\/wp-json\/wp\/v2\/product\/1939","targetHints":{"allow":["GET"]}}],"collection":[{"href":"https:\/\/libreriahistoriasdebolsillo.com\/index.php\/wp-json\/wp\/v2\/product"}],"about":[{"href":"https:\/\/libreriahistoriasdebolsillo.com\/index.php\/wp-json\/wp\/v2\/types\/product"}],"wp:featuredmedia":[{"embeddable":true,"href":"https:\/\/libreriahistoriasdebolsillo.com\/index.php\/wp-json\/wp\/v2\/media\/2725"}],"wp:attachment":[{"href":"https:\/\/libreriahistoriasdebolsillo.com\/index.php\/wp-json\/wp\/v2\/media?parent=1939"}],"wp:term":[{"taxonomy":"product_brand","embeddable":true,"href":"https:\/\/libreriahistoriasdebolsillo.com\/index.php\/wp-json\/wp\/v2\/product_brand?post=1939"},{"taxonomy":"product_cat","embeddable":true,"href":"https:\/\/libreriahistoriasdebolsillo.com\/index.php\/wp-json\/wp\/v2\/product_cat?post=1939"},{"taxonomy":"product_tag","embeddable":true,"href":"https:\/\/libreriahistoriasdebolsillo.com\/index.php\/wp-json\/wp\/v2\/product_tag?post=1939"}],"curies":[{"name":"wp","href":"https:\/\/api.w.org\/{rel}","templated":true}]}}