{"id":1943,"date":"2023-11-24T19:00:13","date_gmt":"2023-11-25T01:00:13","guid":{"rendered":"https:\/\/libreriahistoriasdebolsillo.com\/?post_type=product&#038;p=1943"},"modified":"2025-03-14T10:55:15","modified_gmt":"2025-03-14T16:55:15","slug":"relatos-epicos-mitos-y-leyendas-chinas","status":"publish","type":"product","link":"https:\/\/libreriahistoriasdebolsillo.com\/index.php\/producto\/relatos-epicos-mitos-y-leyendas-chinas\/","title":{"rendered":"Relatos \u00e9picos. Mitos y leyendas chinas (Pasta dura)"},"content":{"rendered":"<p><span data-sheets-value=\"{&quot;1&quot;:2,&quot;2&quot;:&quot;Los cuentos, f\u00e1bulas y mitos de esta colecci\u00f3n mezclan la vida cotidiana de los mortales, el fabuloso reino de las aves y las bestias con el sobrenatural mundo de dioses y fantasmas. En todas las culturas los cuentos de hadas brotan de los pozos profundos de la historia y la imaginaci\u00f3n de una civilizaci\u00f3n y su elenco de campesinos, fil\u00f3sofos, v\u00edrgenes, reyes, dioses y monstruos. Al mismo tiempo estas historias llevan el sello de la sociedad y las tradiciones que los produjo originalmente. El recorrido fant\u00e1stico de esta selecci\u00f3n de las historias m\u00e1s representativas de esta milenaria cultura reflejan tanto la visi\u00f3n de los fil\u00f3sofos confucianos, que dominaron el estado chino, en donde las relaciones humanas se comprenden como un equilibrio armonioso de obligaciones y la m\u00e1s antigua tradici\u00f3n tao\u00edsta donde el Tao, \u00abel camino\u00bb, crea a todas las cosas por igual dando a ninguna de ellas dominio sobre otra en virtud del nacimiento o de cualquier otro poder hereditario, de acuerdo con esta visi\u00f3n los ar4tificios de la civilizaci\u00f3n tan solo alejan a la gente del estado original y benigno de naturaleza.&quot;}\" data-sheets-userformat=\"{&quot;2&quot;:897,&quot;3&quot;:{&quot;1&quot;:0},&quot;10&quot;:1,&quot;11&quot;:4,&quot;12&quot;:0}\">Los cuentos, f\u00e1bulas y mitos de esta colecci\u00f3n mezclan la vida cotidiana de los mortales, el fabuloso reino de las aves y las bestias con el mundo sobrenatural de dioses y fantasmas. En todas las culturas, los cuentos de hadas brotan de los pozos profundos de la historia y de la imaginaci\u00f3n de una civilizaci\u00f3n y su elenco de campesinos, fil\u00f3sofos, v\u00edrgenes, reyes, dioses y monstruos. Al mismo tiempo, estas historias llevan el sello de la sociedad y de las tradiciones que las produjeron.<\/span><\/p>\n<p><span data-sheets-value=\"{&quot;1&quot;:2,&quot;2&quot;:&quot;Los cuentos, f\u00e1bulas y mitos de esta colecci\u00f3n mezclan la vida cotidiana de los mortales, el fabuloso reino de las aves y las bestias con el sobrenatural mundo de dioses y fantasmas. En todas las culturas los cuentos de hadas brotan de los pozos profundos de la historia y la imaginaci\u00f3n de una civilizaci\u00f3n y su elenco de campesinos, fil\u00f3sofos, v\u00edrgenes, reyes, dioses y monstruos. Al mismo tiempo estas historias llevan el sello de la sociedad y las tradiciones que los produjo originalmente. El recorrido fant\u00e1stico de esta selecci\u00f3n de las historias m\u00e1s representativas de esta milenaria cultura reflejan tanto la visi\u00f3n de los fil\u00f3sofos confucianos, que dominaron el estado chino, en donde las relaciones humanas se comprenden como un equilibrio armonioso de obligaciones y la m\u00e1s antigua tradici\u00f3n tao\u00edsta donde el Tao, \u00abel camino\u00bb, crea a todas las cosas por igual dando a ninguna de ellas dominio sobre otra en virtud del nacimiento o de cualquier otro poder hereditario, de acuerdo con esta visi\u00f3n los ar4tificios de la civilizaci\u00f3n tan solo alejan a la gente del estado original y benigno de naturaleza.&quot;}\" data-sheets-userformat=\"{&quot;2&quot;:897,&quot;3&quot;:{&quot;1&quot;:0},&quot;10&quot;:1,&quot;11&quot;:4,&quot;12&quot;:0}\">Las historias que contiene este libro reflejan la visi\u00f3n de los fil\u00f3sofos confucianos, la cual se caracteriza por considerar las relaciones humanas como un equilibrio armonioso de obligaciones. Estas historias tambi\u00e9n reflejan la m\u00e1s antigua tradici\u00f3n tao\u00edsta, donde el Tao, \u00abel camino\u00bb, crea a todas las cosas por igual, dando a ninguna de ellas dominio sobre otra en virtud del nacimiento o de cualquier otro poder hereditario. De acuerdo con esta visi\u00f3n, los artificios de la civilizaci\u00f3n tan s\u00f3lo alejan a la gente del estado original y benigno de la naturaleza.<\/span><\/p>\n","protected":false},"excerpt":{"rendered":"<p>Edici\u00f3n en pasta dura<\/p>\n","protected":false},"featured_media":1944,"template":"","meta":{"_joinchat":[]},"product_brand":[],"product_cat":[42,51],"product_tag":[47],"class_list":{"0":"post-1943","1":"product","2":"type-product","3":"status-publish","4":"has-post-thumbnail","6":"product_cat-literatura-clasica","7":"product_cat-oferta","8":"product_tag-editories-mexicanos-unidos","10":"first","11":"outofstock","12":"sale","13":"shipping-taxable","14":"purchasable","15":"product-type-simple"},"_links":{"self":[{"href":"https:\/\/libreriahistoriasdebolsillo.com\/index.php\/wp-json\/wp\/v2\/product\/1943","targetHints":{"allow":["GET"]}}],"collection":[{"href":"https:\/\/libreriahistoriasdebolsillo.com\/index.php\/wp-json\/wp\/v2\/product"}],"about":[{"href":"https:\/\/libreriahistoriasdebolsillo.com\/index.php\/wp-json\/wp\/v2\/types\/product"}],"wp:featuredmedia":[{"embeddable":true,"href":"https:\/\/libreriahistoriasdebolsillo.com\/index.php\/wp-json\/wp\/v2\/media\/1944"}],"wp:attachment":[{"href":"https:\/\/libreriahistoriasdebolsillo.com\/index.php\/wp-json\/wp\/v2\/media?parent=1943"}],"wp:term":[{"taxonomy":"product_brand","embeddable":true,"href":"https:\/\/libreriahistoriasdebolsillo.com\/index.php\/wp-json\/wp\/v2\/product_brand?post=1943"},{"taxonomy":"product_cat","embeddable":true,"href":"https:\/\/libreriahistoriasdebolsillo.com\/index.php\/wp-json\/wp\/v2\/product_cat?post=1943"},{"taxonomy":"product_tag","embeddable":true,"href":"https:\/\/libreriahistoriasdebolsillo.com\/index.php\/wp-json\/wp\/v2\/product_tag?post=1943"}],"curies":[{"name":"wp","href":"https:\/\/api.w.org\/{rel}","templated":true}]}}