{"id":1945,"date":"2023-11-24T19:01:34","date_gmt":"2023-11-25T01:01:34","guid":{"rendered":"https:\/\/libreriahistoriasdebolsillo.com\/?post_type=product&#038;p=1945"},"modified":"2024-12-24T16:06:28","modified_gmt":"2024-12-24T22:06:28","slug":"relatos-epicos-leyendas-coreanas-de-demonios-fantasmas-y-hadas","status":"publish","type":"product","link":"https:\/\/libreriahistoriasdebolsillo.com\/index.php\/producto\/relatos-epicos-leyendas-coreanas-de-demonios-fantasmas-y-hadas\/","title":{"rendered":"Relatos \u00e9picos. Leyendas coreanas de demonios, fantasmas y hadas (Pasta dura)"},"content":{"rendered":"<p>Cualquiera que quiera explorar el pensamiento oriental y conocer las creencias espirituales de este pueblo encontrar\u00e1 en las siguientes historias una gu\u00eda invaluable cuya base se asienta en las tres grandes regiones del Lejano Oriente: tao\u00edsmo, budismo y confucianismo.<br \/>\nEl presente t\u00edtulo es una colecci\u00f3n cl\u00e1sica de los cuentos m\u00e1s populares y conocidos de Corea que ilustran toda la imaginaci\u00f3n y las maravillas de la narraci\u00f3n coreana en un solo volumen. Recopilados y escritos por Yi Ryuk e Im Bang hace m\u00e1s de tres siglos, estos relatos exploran mundos de fantas\u00eda llenos de animales encantados, hadas, duendes, fantasmas, princesas y seres tan repugnantes como fascinantes.<\/p>\n","protected":false},"excerpt":{"rendered":"<p>Edici\u00f3n en pasta dura<\/p>\n","protected":false},"featured_media":1946,"template":"","meta":{"_joinchat":[]},"product_brand":[],"product_cat":[42,51],"product_tag":[47],"class_list":{"0":"post-1945","1":"product","2":"type-product","3":"status-publish","4":"has-post-thumbnail","6":"product_cat-literatura-clasica","7":"product_cat-oferta","8":"product_tag-editories-mexicanos-unidos","10":"first","11":"outofstock","12":"sale","13":"shipping-taxable","14":"purchasable","15":"product-type-simple"},"_links":{"self":[{"href":"https:\/\/libreriahistoriasdebolsillo.com\/index.php\/wp-json\/wp\/v2\/product\/1945","targetHints":{"allow":["GET"]}}],"collection":[{"href":"https:\/\/libreriahistoriasdebolsillo.com\/index.php\/wp-json\/wp\/v2\/product"}],"about":[{"href":"https:\/\/libreriahistoriasdebolsillo.com\/index.php\/wp-json\/wp\/v2\/types\/product"}],"wp:featuredmedia":[{"embeddable":true,"href":"https:\/\/libreriahistoriasdebolsillo.com\/index.php\/wp-json\/wp\/v2\/media\/1946"}],"wp:attachment":[{"href":"https:\/\/libreriahistoriasdebolsillo.com\/index.php\/wp-json\/wp\/v2\/media?parent=1945"}],"wp:term":[{"taxonomy":"product_brand","embeddable":true,"href":"https:\/\/libreriahistoriasdebolsillo.com\/index.php\/wp-json\/wp\/v2\/product_brand?post=1945"},{"taxonomy":"product_cat","embeddable":true,"href":"https:\/\/libreriahistoriasdebolsillo.com\/index.php\/wp-json\/wp\/v2\/product_cat?post=1945"},{"taxonomy":"product_tag","embeddable":true,"href":"https:\/\/libreriahistoriasdebolsillo.com\/index.php\/wp-json\/wp\/v2\/product_tag?post=1945"}],"curies":[{"name":"wp","href":"https:\/\/api.w.org\/{rel}","templated":true}]}}