{"id":1947,"date":"2023-11-24T19:03:56","date_gmt":"2023-11-25T01:03:56","guid":{"rendered":"https:\/\/libreriahistoriasdebolsillo.com\/?post_type=product&#038;p=1947"},"modified":"2024-12-24T16:06:12","modified_gmt":"2024-12-24T22:06:12","slug":"mitologia-grecolatina","status":"publish","type":"product","link":"https:\/\/libreriahistoriasdebolsillo.com\/index.php\/producto\/mitologia-grecolatina\/","title":{"rendered":"Mitolog\u00eda Grecolatina (Pasta dura)"},"content":{"rendered":"<p>Los mitos griegos y latinos constituyen un conjunto de relatos de gran variedad tem\u00e1tica y formal, cuyo atractivo reside en su fant\u00e1stica narrativa. En efecto, las aventuras de los h\u00e9roes, los dioses ol\u00edmpicos o las bestias fabulosas que recorren los mitos cl\u00e1sicos nos divierten, nos fascinan y nos entretienen hoy igual como probablemente lo hac\u00edan en la antig\u00fcedad. Sin embargo, han perdido para nosotros la funci\u00f3n social, pol\u00edtica e incluso religiosa que ten\u00edan entonces como formas de explicar y justificar el mundo que nos rodea.<\/p>\n<p>Para lograr comprender la importancia que tuvo el mito en la cosmovisi\u00f3n griega y, despu\u00e9s, romana es necesario, en primer lugar, definir la naturaleza de este tipo de relatos y contextualizarlos en el marco hist\u00f3rico en que se produjeron, posteriormente hay que comprender las particularidades del lenguaje m\u00edtico para apreciar la relevancia que pudieron llegar a tener estos relatos como elementos de identidad y cohesi\u00f3n en las civilizaciones cl\u00e1sicas.<\/p>\n","protected":false},"excerpt":{"rendered":"<p>Edici\u00f3n en pasta dura<\/p>\n","protected":false},"featured_media":2710,"template":"","meta":{"_joinchat":[]},"product_brand":[],"product_cat":[42,51],"product_tag":[47],"class_list":{"0":"post-1947","1":"product","2":"type-product","3":"status-publish","4":"has-post-thumbnail","6":"product_cat-literatura-clasica","7":"product_cat-oferta","8":"product_tag-editories-mexicanos-unidos","10":"first","11":"outofstock","12":"sale","13":"shipping-taxable","14":"purchasable","15":"product-type-simple"},"_links":{"self":[{"href":"https:\/\/libreriahistoriasdebolsillo.com\/index.php\/wp-json\/wp\/v2\/product\/1947","targetHints":{"allow":["GET"]}}],"collection":[{"href":"https:\/\/libreriahistoriasdebolsillo.com\/index.php\/wp-json\/wp\/v2\/product"}],"about":[{"href":"https:\/\/libreriahistoriasdebolsillo.com\/index.php\/wp-json\/wp\/v2\/types\/product"}],"wp:featuredmedia":[{"embeddable":true,"href":"https:\/\/libreriahistoriasdebolsillo.com\/index.php\/wp-json\/wp\/v2\/media\/2710"}],"wp:attachment":[{"href":"https:\/\/libreriahistoriasdebolsillo.com\/index.php\/wp-json\/wp\/v2\/media?parent=1947"}],"wp:term":[{"taxonomy":"product_brand","embeddable":true,"href":"https:\/\/libreriahistoriasdebolsillo.com\/index.php\/wp-json\/wp\/v2\/product_brand?post=1947"},{"taxonomy":"product_cat","embeddable":true,"href":"https:\/\/libreriahistoriasdebolsillo.com\/index.php\/wp-json\/wp\/v2\/product_cat?post=1947"},{"taxonomy":"product_tag","embeddable":true,"href":"https:\/\/libreriahistoriasdebolsillo.com\/index.php\/wp-json\/wp\/v2\/product_tag?post=1947"}],"curies":[{"name":"wp","href":"https:\/\/api.w.org\/{rel}","templated":true}]}}