{"id":1953,"date":"2023-11-24T19:11:28","date_gmt":"2023-11-25T01:11:28","guid":{"rendered":"https:\/\/libreriahistoriasdebolsillo.com\/?post_type=product&#038;p=1953"},"modified":"2026-03-12T18:21:34","modified_gmt":"2026-03-13T00:21:34","slug":"los-albigenses","status":"publish","type":"product","link":"https:\/\/libreriahistoriasdebolsillo.com\/index.php\/producto\/los-albigenses\/","title":{"rendered":"Los Albigenses (Pasta dura)"},"content":{"rendered":"<p>La \u00faltima novela de Charles Robert Maturin, Los albigenses (1824), un relato hist\u00f3rico ubicado a principios del siglo XIII, es una rica historia del conflicto entre la iglesia cat\u00f3lica y los albigenses, una secta declarada her\u00e9tica por la iglesia centrada en Languedoc, Francia. Su trasfondo hist\u00f3rico hace poco para inhibir la fuerte inclinaci\u00f3n de Maturin por escenas extravagantes de violencia, horror y v\u00edvidas evocaciones de la naturaleza en su forma menos benigna. Sus numerosos personajes pueblan una historia bien tramada de impresionante densidad: la hero\u00edna, Genevieve, de buen coraz\u00f3n, audaz, fiel a su credo; el despiadado obispo de Toulouse; eclesi\u00e1sticos y personajes de diversos grados de piedad; brujas man\u00edacas, forajidos formidables y caballeros con armaduras. Esta nueva edici\u00f3n de Los albigenses aspira a renovar el inter\u00e9s por el elaborado y apasionante relato final del maestro irland\u00e9s, autor de la inmortal Melmoth el errabundo.<\/p>\n","protected":false},"excerpt":{"rendered":"<p>Charles Robert Maturin<\/p>\n<p>Edici\u00f3n en pasta dura<\/p>\n","protected":false},"featured_media":2709,"template":"","meta":{"_joinchat":[]},"product_brand":[],"product_cat":[42,51],"product_tag":[47],"class_list":{"0":"post-1953","1":"product","2":"type-product","3":"status-publish","4":"has-post-thumbnail","6":"product_cat-literatura-clasica","7":"product_cat-oferta","8":"product_tag-editories-mexicanos-unidos","10":"first","11":"instock","12":"sale","13":"shipping-taxable","14":"purchasable","15":"product-type-simple"},"_links":{"self":[{"href":"https:\/\/libreriahistoriasdebolsillo.com\/index.php\/wp-json\/wp\/v2\/product\/1953","targetHints":{"allow":["GET"]}}],"collection":[{"href":"https:\/\/libreriahistoriasdebolsillo.com\/index.php\/wp-json\/wp\/v2\/product"}],"about":[{"href":"https:\/\/libreriahistoriasdebolsillo.com\/index.php\/wp-json\/wp\/v2\/types\/product"}],"wp:featuredmedia":[{"embeddable":true,"href":"https:\/\/libreriahistoriasdebolsillo.com\/index.php\/wp-json\/wp\/v2\/media\/2709"}],"wp:attachment":[{"href":"https:\/\/libreriahistoriasdebolsillo.com\/index.php\/wp-json\/wp\/v2\/media?parent=1953"}],"wp:term":[{"taxonomy":"product_brand","embeddable":true,"href":"https:\/\/libreriahistoriasdebolsillo.com\/index.php\/wp-json\/wp\/v2\/product_brand?post=1953"},{"taxonomy":"product_cat","embeddable":true,"href":"https:\/\/libreriahistoriasdebolsillo.com\/index.php\/wp-json\/wp\/v2\/product_cat?post=1953"},{"taxonomy":"product_tag","embeddable":true,"href":"https:\/\/libreriahistoriasdebolsillo.com\/index.php\/wp-json\/wp\/v2\/product_tag?post=1953"}],"curies":[{"name":"wp","href":"https:\/\/api.w.org\/{rel}","templated":true}]}}