{"id":1957,"date":"2023-11-24T19:15:22","date_gmt":"2023-11-25T01:15:22","guid":{"rendered":"https:\/\/libreriahistoriasdebolsillo.com\/?post_type=product&#038;p=1957"},"modified":"2026-03-12T18:21:52","modified_gmt":"2026-03-13T00:21:52","slug":"el-reino-de-la-noche","status":"publish","type":"product","link":"https:\/\/libreriahistoriasdebolsillo.com\/index.php\/producto\/el-reino-de-la-noche\/","title":{"rendered":"El reino de la noche (Pasta dura)"},"content":{"rendered":"<p>William Hope Hodgson fue un autor ingl\u00e9s que produjo una gran cantidad de ensayos, cuentos y novelas que abarcaron diversos g\u00e9neros como el terror, la literatura fant\u00e1stica y la ciencia ficci\u00f3n, por lo que su obra influyo en gran medida al maestro del terror: H-P Lovecraft, que calificar\u00eda el reino de la noche como la obra de ficci\u00f3n fant\u00e1stica m\u00e1s extraordinariamente escrita en lengua inglesa. Esta novela comienza en la Inglaterra del siglo XVII con un joven de diecisiete a\u00f1os profundamente enamorado de la bella Lady Mirdtah, quien muere al dar a luz; en su pena. Viaja mentalmente al futuro a un reino repleto de oscuridad, donde el sol ya se ha extinguido y los pocos seres humanos cuerdos que han llegado sobrevivir se refugiaron en una gran pir\u00e1mide met\u00e1lica de m\u00e1s de ocho millas de altura\u2026 as\u00ed en esta ocasi\u00f3n el lector ser\u00e1 parte de esta peculiar aventura, que, sin lugar a duda, lo dejar\u00e1 maravillado por la destreza de nuestro autor \u201cel reino de la noche\u201d.<\/p>\n","protected":false},"excerpt":{"rendered":"<p>William Hope Hodgson<\/p>\n<p>Edici\u00f3n en pasta dura<\/p>\n","protected":false},"featured_media":2720,"template":"","meta":{"_joinchat":[]},"product_brand":[],"product_cat":[42,51],"product_tag":[47],"class_list":{"0":"post-1957","1":"product","2":"type-product","3":"status-publish","4":"has-post-thumbnail","6":"product_cat-literatura-clasica","7":"product_cat-oferta","8":"product_tag-editories-mexicanos-unidos","10":"first","11":"outofstock","12":"sale","13":"shipping-taxable","14":"purchasable","15":"product-type-simple"},"_links":{"self":[{"href":"https:\/\/libreriahistoriasdebolsillo.com\/index.php\/wp-json\/wp\/v2\/product\/1957","targetHints":{"allow":["GET"]}}],"collection":[{"href":"https:\/\/libreriahistoriasdebolsillo.com\/index.php\/wp-json\/wp\/v2\/product"}],"about":[{"href":"https:\/\/libreriahistoriasdebolsillo.com\/index.php\/wp-json\/wp\/v2\/types\/product"}],"wp:featuredmedia":[{"embeddable":true,"href":"https:\/\/libreriahistoriasdebolsillo.com\/index.php\/wp-json\/wp\/v2\/media\/2720"}],"wp:attachment":[{"href":"https:\/\/libreriahistoriasdebolsillo.com\/index.php\/wp-json\/wp\/v2\/media?parent=1957"}],"wp:term":[{"taxonomy":"product_brand","embeddable":true,"href":"https:\/\/libreriahistoriasdebolsillo.com\/index.php\/wp-json\/wp\/v2\/product_brand?post=1957"},{"taxonomy":"product_cat","embeddable":true,"href":"https:\/\/libreriahistoriasdebolsillo.com\/index.php\/wp-json\/wp\/v2\/product_cat?post=1957"},{"taxonomy":"product_tag","embeddable":true,"href":"https:\/\/libreriahistoriasdebolsillo.com\/index.php\/wp-json\/wp\/v2\/product_tag?post=1957"}],"curies":[{"name":"wp","href":"https:\/\/api.w.org\/{rel}","templated":true}]}}