{"id":1963,"date":"2023-11-24T19:20:12","date_gmt":"2023-11-25T01:20:12","guid":{"rendered":"https:\/\/libreriahistoriasdebolsillo.com\/?post_type=product&#038;p=1963"},"modified":"2025-02-24T12:50:45","modified_gmt":"2025-02-24T18:50:45","slug":"odin-thor-loki-frigg-heimdallr-y-las-valquirias-edda-poetica-edda-prosaica-y-cuentos-nordicos","status":"publish","type":"product","link":"https:\/\/libreriahistoriasdebolsillo.com\/index.php\/producto\/odin-thor-loki-frigg-heimdallr-y-las-valquirias-edda-poetica-edda-prosaica-y-cuentos-nordicos\/","title":{"rendered":"Odin, Thor, Loki, Frigg, Heimdallr y las Valquirias: Edda Po\u00e9tica, edda Prosaica y cuentos n\u00f3rdicos (Pasta dura)"},"content":{"rendered":"<p>La mitolog\u00eda n\u00f3rdica est\u00e1 compuesta de aventuras y de la cultura escandinava protagonizadas por numerosos dioses, seres sobrenaturales caracterizados por tener personalidades complejas y no necesariamente virtuosas. As\u00ed pues, esta cultura ha mantenido durante mucho tiempo sus creencias mitol\u00f3gicas, incluso algunas tradiciones se mantienen vivas en zonas rurales; mientras que en otras se han reinventado o revivido sirviendo de inspiraci\u00f3n para relatos literarios y representaciones esc\u00e9nicas: De manera que en este volumen literario se presenta gran parte de esta mitolog\u00eda mediante diversos relatos y narraciones de los m\u00e1s grandes dioses n\u00f3rdicos como: Od\u00edn, su origen y perdida de su ojo; Thor y las grandes batallas que tuvo con su martillo Mj\u00f6llnir o al otro lado el dios del enga\u00f1o, Loki, entre muchas otras; por ello, a trav\u00e9s de leyendas, relatos y poemas, este libro llevara al lector por un viaje en el maravilloso mundo de la mitolog\u00eda n\u00f3rdica. Desde la creaci\u00f3n del cosmos hasta el fin de sus d\u00edas en el Ragnar\u00f6k.<\/p>\n","protected":false},"excerpt":{"rendered":"<p>Edici\u00f3n en pasta dura<\/p>\n","protected":false},"featured_media":1964,"template":"","meta":{"_joinchat":[]},"product_brand":[],"product_cat":[42,51],"product_tag":[47],"class_list":{"0":"post-1963","1":"product","2":"type-product","3":"status-publish","4":"has-post-thumbnail","6":"product_cat-literatura-clasica","7":"product_cat-oferta","8":"product_tag-editories-mexicanos-unidos","10":"first","11":"outofstock","12":"sale","13":"shipping-taxable","14":"purchasable","15":"product-type-simple"},"_links":{"self":[{"href":"https:\/\/libreriahistoriasdebolsillo.com\/index.php\/wp-json\/wp\/v2\/product\/1963","targetHints":{"allow":["GET"]}}],"collection":[{"href":"https:\/\/libreriahistoriasdebolsillo.com\/index.php\/wp-json\/wp\/v2\/product"}],"about":[{"href":"https:\/\/libreriahistoriasdebolsillo.com\/index.php\/wp-json\/wp\/v2\/types\/product"}],"wp:featuredmedia":[{"embeddable":true,"href":"https:\/\/libreriahistoriasdebolsillo.com\/index.php\/wp-json\/wp\/v2\/media\/1964"}],"wp:attachment":[{"href":"https:\/\/libreriahistoriasdebolsillo.com\/index.php\/wp-json\/wp\/v2\/media?parent=1963"}],"wp:term":[{"taxonomy":"product_brand","embeddable":true,"href":"https:\/\/libreriahistoriasdebolsillo.com\/index.php\/wp-json\/wp\/v2\/product_brand?post=1963"},{"taxonomy":"product_cat","embeddable":true,"href":"https:\/\/libreriahistoriasdebolsillo.com\/index.php\/wp-json\/wp\/v2\/product_cat?post=1963"},{"taxonomy":"product_tag","embeddable":true,"href":"https:\/\/libreriahistoriasdebolsillo.com\/index.php\/wp-json\/wp\/v2\/product_tag?post=1963"}],"curies":[{"name":"wp","href":"https:\/\/api.w.org\/{rel}","templated":true}]}}