{"id":1969,"date":"2023-11-25T10:37:46","date_gmt":"2023-11-25T16:37:46","guid":{"rendered":"https:\/\/libreriahistoriasdebolsillo.com\/?post_type=product&#038;p=1969"},"modified":"2026-01-24T18:49:13","modified_gmt":"2026-01-25T00:49:13","slug":"las-emociones-de-gaston-estoy-asustado","status":"publish","type":"product","link":"https:\/\/libreriahistoriasdebolsillo.com\/index.php\/producto\/las-emociones-de-gaston-estoy-asustado\/","title":{"rendered":"Las emociones de Gast\u00f3n. Estoy asustado"},"content":{"rendered":"<p>Gast\u00f3n es un unicornio como cualquier otro, o casi\u2026<\/p>\n<p>Su crin de arco\u00edris cambia de color \u00a1seg\u00fan sus emociones!<\/p>\n<p>Hoy, Gast\u00f3n est\u00e1 asustado. Es hora de ir a dormir y est\u00e1 todo oscuro. \u00a1Descubre c\u00f3mo hizo para sentirse bien otra vez!<\/p>\n<p>1 aventura de Gast\u00f3n + 1 ejercicio de respiraci\u00f3n = \u00a10 miedo!<\/p>\n<p>Una colecci\u00f3n de historias para aprender a nombrar y regular nuestras emociones. Por Aur\u00e9lie Chien Chow Chine, ilustradora y sofr\u00f3loga que trabaja en jardines de infantes.<\/p>\n","protected":false},"excerpt":{"rendered":"<p>Aur\u00e9lie Chien Chow Chine<\/p>\n<p>Edici\u00f3n en pasta dura de bolsillo<\/p>\n","protected":false},"featured_media":1971,"template":"","meta":{"_joinchat":[]},"product_brand":[],"product_cat":[54],"product_tag":[48],"class_list":{"0":"post-1969","1":"product","2":"type-product","3":"status-publish","4":"has-post-thumbnail","6":"product_cat-infantil","7":"product_tag-vr-editoras","9":"first","10":"outofstock","11":"shipping-taxable","12":"purchasable","13":"product-type-simple"},"_links":{"self":[{"href":"https:\/\/libreriahistoriasdebolsillo.com\/index.php\/wp-json\/wp\/v2\/product\/1969","targetHints":{"allow":["GET"]}}],"collection":[{"href":"https:\/\/libreriahistoriasdebolsillo.com\/index.php\/wp-json\/wp\/v2\/product"}],"about":[{"href":"https:\/\/libreriahistoriasdebolsillo.com\/index.php\/wp-json\/wp\/v2\/types\/product"}],"wp:featuredmedia":[{"embeddable":true,"href":"https:\/\/libreriahistoriasdebolsillo.com\/index.php\/wp-json\/wp\/v2\/media\/1971"}],"wp:attachment":[{"href":"https:\/\/libreriahistoriasdebolsillo.com\/index.php\/wp-json\/wp\/v2\/media?parent=1969"}],"wp:term":[{"taxonomy":"product_brand","embeddable":true,"href":"https:\/\/libreriahistoriasdebolsillo.com\/index.php\/wp-json\/wp\/v2\/product_brand?post=1969"},{"taxonomy":"product_cat","embeddable":true,"href":"https:\/\/libreriahistoriasdebolsillo.com\/index.php\/wp-json\/wp\/v2\/product_cat?post=1969"},{"taxonomy":"product_tag","embeddable":true,"href":"https:\/\/libreriahistoriasdebolsillo.com\/index.php\/wp-json\/wp\/v2\/product_tag?post=1969"}],"curies":[{"name":"wp","href":"https:\/\/api.w.org\/{rel}","templated":true}]}}