{"id":1972,"date":"2023-11-25T10:43:06","date_gmt":"2023-11-25T16:43:06","guid":{"rendered":"https:\/\/libreriahistoriasdebolsillo.com\/?post_type=product&#038;p=1972"},"modified":"2024-02-06T17:11:52","modified_gmt":"2024-02-06T23:11:52","slug":"mi-primer-libro-de-descubrimientos-los-animales","status":"publish","type":"product","link":"https:\/\/libreriahistoriasdebolsillo.com\/index.php\/producto\/mi-primer-libro-de-descubrimientos-los-animales\/","title":{"rendered":"Mi primer libro de descubrimientos, los animales"},"content":{"rendered":"<p>Se\u00f1ala y nombra los animales que puedes encontrar. Despu\u00e9s b\u00fascalos en la siguiente escena.<\/p>\n<p>En la \u00faltima p\u00e1gina, abre las solapas para ver todos los animales al mismo tiempo.<\/p>\n<p>\u00a1Las primeras palabras para los m\u00e1s peque\u00f1os!<\/p>\n","protected":false},"excerpt":{"rendered":"<p>Claire Shorrock<\/p>\n<p>Edici\u00f3n de bolsillo en pasta dura<\/p>\n","protected":false},"featured_media":1976,"template":"","meta":{"_joinchat":[]},"product_brand":[],"product_cat":[54],"product_tag":[48],"class_list":{"0":"post-1972","1":"product","2":"type-product","3":"status-publish","4":"has-post-thumbnail","6":"product_cat-infantil","7":"product_tag-vr-editoras","9":"first","10":"outofstock","11":"shipping-taxable","12":"purchasable","13":"product-type-simple"},"_links":{"self":[{"href":"https:\/\/libreriahistoriasdebolsillo.com\/index.php\/wp-json\/wp\/v2\/product\/1972","targetHints":{"allow":["GET"]}}],"collection":[{"href":"https:\/\/libreriahistoriasdebolsillo.com\/index.php\/wp-json\/wp\/v2\/product"}],"about":[{"href":"https:\/\/libreriahistoriasdebolsillo.com\/index.php\/wp-json\/wp\/v2\/types\/product"}],"wp:featuredmedia":[{"embeddable":true,"href":"https:\/\/libreriahistoriasdebolsillo.com\/index.php\/wp-json\/wp\/v2\/media\/1976"}],"wp:attachment":[{"href":"https:\/\/libreriahistoriasdebolsillo.com\/index.php\/wp-json\/wp\/v2\/media?parent=1972"}],"wp:term":[{"taxonomy":"product_brand","embeddable":true,"href":"https:\/\/libreriahistoriasdebolsillo.com\/index.php\/wp-json\/wp\/v2\/product_brand?post=1972"},{"taxonomy":"product_cat","embeddable":true,"href":"https:\/\/libreriahistoriasdebolsillo.com\/index.php\/wp-json\/wp\/v2\/product_cat?post=1972"},{"taxonomy":"product_tag","embeddable":true,"href":"https:\/\/libreriahistoriasdebolsillo.com\/index.php\/wp-json\/wp\/v2\/product_tag?post=1972"}],"curies":[{"name":"wp","href":"https:\/\/api.w.org\/{rel}","templated":true}]}}