{"id":1982,"date":"2023-11-25T10:48:31","date_gmt":"2023-11-25T16:48:31","guid":{"rendered":"https:\/\/libreriahistoriasdebolsillo.com\/?post_type=product&#038;p=1982"},"modified":"2025-02-14T17:58:48","modified_gmt":"2025-02-14T23:58:48","slug":"risas-locas-en-el-bosque","status":"publish","type":"product","link":"https:\/\/libreriahistoriasdebolsillo.com\/index.php\/producto\/risas-locas-en-el-bosque\/","title":{"rendered":"Risas locas en el bosque"},"content":{"rendered":"<p>A lo largo de la historia, presiona los 6 chips de sonidos para sorprenderte con las risas raras\u2026 \u00a1y re\u00edr con ellas!<\/p>\n<p>Un pajarito decide hacer re\u00edr a sus amigos del bosque. Va y viene cont\u00e1ndoles un chiste, y ellos se turnan para re\u00edr a carcajadas\u2026 \u00a1Hasta que todos terminan riendo con \u00e9l!<\/p>\n","protected":false},"excerpt":{"rendered":"<p>Edici\u00f3n de pasta dura y mecanismo con sonidos<\/p>\n","protected":false},"featured_media":1983,"template":"","meta":{"_joinchat":[]},"product_brand":[],"product_cat":[54],"product_tag":[48],"class_list":{"0":"post-1982","1":"product","2":"type-product","3":"status-publish","4":"has-post-thumbnail","6":"product_cat-infantil","7":"product_tag-vr-editoras","9":"first","10":"outofstock","11":"shipping-taxable","12":"purchasable","13":"product-type-simple"},"_links":{"self":[{"href":"https:\/\/libreriahistoriasdebolsillo.com\/index.php\/wp-json\/wp\/v2\/product\/1982","targetHints":{"allow":["GET"]}}],"collection":[{"href":"https:\/\/libreriahistoriasdebolsillo.com\/index.php\/wp-json\/wp\/v2\/product"}],"about":[{"href":"https:\/\/libreriahistoriasdebolsillo.com\/index.php\/wp-json\/wp\/v2\/types\/product"}],"wp:featuredmedia":[{"embeddable":true,"href":"https:\/\/libreriahistoriasdebolsillo.com\/index.php\/wp-json\/wp\/v2\/media\/1983"}],"wp:attachment":[{"href":"https:\/\/libreriahistoriasdebolsillo.com\/index.php\/wp-json\/wp\/v2\/media?parent=1982"}],"wp:term":[{"taxonomy":"product_brand","embeddable":true,"href":"https:\/\/libreriahistoriasdebolsillo.com\/index.php\/wp-json\/wp\/v2\/product_brand?post=1982"},{"taxonomy":"product_cat","embeddable":true,"href":"https:\/\/libreriahistoriasdebolsillo.com\/index.php\/wp-json\/wp\/v2\/product_cat?post=1982"},{"taxonomy":"product_tag","embeddable":true,"href":"https:\/\/libreriahistoriasdebolsillo.com\/index.php\/wp-json\/wp\/v2\/product_tag?post=1982"}],"curies":[{"name":"wp","href":"https:\/\/api.w.org\/{rel}","templated":true}]}}