{"id":1984,"date":"2023-11-25T10:50:37","date_gmt":"2023-11-25T16:50:37","guid":{"rendered":"https:\/\/libreriahistoriasdebolsillo.com\/?post_type=product&#038;p=1984"},"modified":"2025-02-14T15:46:09","modified_gmt":"2025-02-14T21:46:09","slug":"gritos-graciosos-en-la-granja","status":"publish","type":"product","link":"https:\/\/libreriahistoriasdebolsillo.com\/index.php\/producto\/gritos-graciosos-en-la-granja\/","title":{"rendered":"Gritos graciosos en la granja"},"content":{"rendered":"<p>A lo largo de la historia, presiona los 6 chips de sonidos para sorprenderte con los gritos exc\u00e9ntricos\u2026 \u00a1y re\u00edr con ellos!<\/p>\n<p>Un rat\u00f3n se despierta con un grito. Para saber qui\u00e9n fue, interroga a cada animal de la granja. Y as\u00ed, \u00a1gritos sorprendentes y divertidos suceden! \u00bfDescubrir\u00e1 el rat\u00f3n qui\u00e9n grit\u00f3 y por qu\u00e9\u2026?<\/p>\n","protected":false},"excerpt":{"rendered":"<p>Edici\u00f3n en pasta dura y mecanismo con sonidos<\/p>\n","protected":false},"featured_media":1985,"template":"","meta":{"_joinchat":[]},"product_brand":[],"product_cat":[54],"product_tag":[48],"class_list":{"0":"post-1984","1":"product","2":"type-product","3":"status-publish","4":"has-post-thumbnail","6":"product_cat-infantil","7":"product_tag-vr-editoras","9":"first","10":"outofstock","11":"shipping-taxable","12":"purchasable","13":"product-type-simple"},"_links":{"self":[{"href":"https:\/\/libreriahistoriasdebolsillo.com\/index.php\/wp-json\/wp\/v2\/product\/1984","targetHints":{"allow":["GET"]}}],"collection":[{"href":"https:\/\/libreriahistoriasdebolsillo.com\/index.php\/wp-json\/wp\/v2\/product"}],"about":[{"href":"https:\/\/libreriahistoriasdebolsillo.com\/index.php\/wp-json\/wp\/v2\/types\/product"}],"wp:featuredmedia":[{"embeddable":true,"href":"https:\/\/libreriahistoriasdebolsillo.com\/index.php\/wp-json\/wp\/v2\/media\/1985"}],"wp:attachment":[{"href":"https:\/\/libreriahistoriasdebolsillo.com\/index.php\/wp-json\/wp\/v2\/media?parent=1984"}],"wp:term":[{"taxonomy":"product_brand","embeddable":true,"href":"https:\/\/libreriahistoriasdebolsillo.com\/index.php\/wp-json\/wp\/v2\/product_brand?post=1984"},{"taxonomy":"product_cat","embeddable":true,"href":"https:\/\/libreriahistoriasdebolsillo.com\/index.php\/wp-json\/wp\/v2\/product_cat?post=1984"},{"taxonomy":"product_tag","embeddable":true,"href":"https:\/\/libreriahistoriasdebolsillo.com\/index.php\/wp-json\/wp\/v2\/product_tag?post=1984"}],"curies":[{"name":"wp","href":"https:\/\/api.w.org\/{rel}","templated":true}]}}