{"id":1986,"date":"2023-11-25T10:52:45","date_gmt":"2023-11-25T16:52:45","guid":{"rendered":"https:\/\/libreriahistoriasdebolsillo.com\/?post_type=product&#038;p=1986"},"modified":"2025-02-13T18:47:55","modified_gmt":"2025-02-14T00:47:55","slug":"la-maldicion-del-hombre-pinguino","status":"publish","type":"product","link":"https:\/\/libreriahistoriasdebolsillo.com\/index.php\/producto\/la-maldicion-del-hombre-pinguino\/","title":{"rendered":"La maldici\u00f3n del hombre ping\u00fcino"},"content":{"rendered":"<p>Cuando el misterioso Bar\u00f3n Chordata convoca a Bolt Wattle al lejano pa\u00eds de Brugaria, el ni\u00f1o cree que finalmente se reecontrar\u00e1 con sus padres perdidos hace mucho tiempo. Pero en Brugraria nada es lo que parece y Bolt est\u00e1 en peligro. Una chica aspirante a mejor bandida de todos los tiempos y el l\u00edder de un culto a las ballenas son solo algunos de los extra\u00f1os personajes que ayudan (y atacan) a Bolt en su viaje. Algunas historias cuentan sobre ping\u00fcinos felices y adorables que forman familias, aprender a bailar o hacen amigos. Esta no es una de esas historias.<\/p>\n<p>\u201cEste libro est\u00e1 lleno de calumnias y mentiras. No lo leas, \u00a1o te colgar\u00e9 de un m\u00e1stil como una bandera y te subir\u00e9 y bajar\u00e9 durante una semana!\u201d. \u2013 BAR\u00d3N CHORDATA<\/p>\n","protected":false},"excerpt":{"rendered":"<p>Allan Woodrow<\/p>\n","protected":false},"featured_media":2666,"template":"","meta":{"_joinchat":[]},"product_brand":[],"product_cat":[54,52],"product_tag":[48],"class_list":{"0":"post-1986","1":"product","2":"type-product","3":"status-publish","4":"has-post-thumbnail","6":"product_cat-infantil","7":"product_cat-juvenil","8":"product_tag-vr-editoras","10":"first","11":"outofstock","12":"shipping-taxable","13":"purchasable","14":"product-type-simple"},"_links":{"self":[{"href":"https:\/\/libreriahistoriasdebolsillo.com\/index.php\/wp-json\/wp\/v2\/product\/1986","targetHints":{"allow":["GET"]}}],"collection":[{"href":"https:\/\/libreriahistoriasdebolsillo.com\/index.php\/wp-json\/wp\/v2\/product"}],"about":[{"href":"https:\/\/libreriahistoriasdebolsillo.com\/index.php\/wp-json\/wp\/v2\/types\/product"}],"wp:featuredmedia":[{"embeddable":true,"href":"https:\/\/libreriahistoriasdebolsillo.com\/index.php\/wp-json\/wp\/v2\/media\/2666"}],"wp:attachment":[{"href":"https:\/\/libreriahistoriasdebolsillo.com\/index.php\/wp-json\/wp\/v2\/media?parent=1986"}],"wp:term":[{"taxonomy":"product_brand","embeddable":true,"href":"https:\/\/libreriahistoriasdebolsillo.com\/index.php\/wp-json\/wp\/v2\/product_brand?post=1986"},{"taxonomy":"product_cat","embeddable":true,"href":"https:\/\/libreriahistoriasdebolsillo.com\/index.php\/wp-json\/wp\/v2\/product_cat?post=1986"},{"taxonomy":"product_tag","embeddable":true,"href":"https:\/\/libreriahistoriasdebolsillo.com\/index.php\/wp-json\/wp\/v2\/product_tag?post=1986"}],"curies":[{"name":"wp","href":"https:\/\/api.w.org\/{rel}","templated":true}]}}