{"id":1988,"date":"2023-11-25T10:54:36","date_gmt":"2023-11-25T16:54:36","guid":{"rendered":"https:\/\/libreriahistoriasdebolsillo.com\/?post_type=product&#038;p=1988"},"modified":"2025-02-13T18:47:45","modified_gmt":"2025-02-14T00:47:45","slug":"nicola-berry-y-el-petrificante-problema-con-la-princesa-petronella","status":"publish","type":"product","link":"https:\/\/libreriahistoriasdebolsillo.com\/index.php\/producto\/nicola-berry-y-el-petrificante-problema-con-la-princesa-petronella\/","title":{"rendered":"Nicola Berry y el petrificante problema con la princesa Petronella"},"content":{"rendered":"<p>\u00bfY si el planeta Tierra dependiera solo de ti? \u00bfY si solo tuvieras un d\u00eda para evitar lo peor? A Nicola Berry le quedan algunas horas para salvar al mundo. Acompa\u00f1ada solo de sus dos mejores amigos, su molesto hermano mayor, su enemiga \u00edntima y una ni\u00f1a extraterrestre inusualmente alta, Nicola no est\u00e1 segura de poder cumplir con su misi\u00f3n. \u00bfCu\u00e1l es? Convencer a la temible princesa de Globagascar de no llevar a cabo su siniestro plan: convertir a la Tierra en un gran basurero. Este es el primer libro de la serie NICOLA BERRY, escrita por la exitosa Liane Moriarty.<\/p>\n","protected":false},"excerpt":{"rendered":"<p>Liane Moriarty<\/p>\n","protected":false},"featured_media":2668,"template":"","meta":{"_joinchat":[]},"product_brand":[],"product_cat":[54,52],"product_tag":[48],"class_list":{"0":"post-1988","1":"product","2":"type-product","3":"status-publish","4":"has-post-thumbnail","6":"product_cat-infantil","7":"product_cat-juvenil","8":"product_tag-vr-editoras","10":"first","11":"outofstock","12":"shipping-taxable","13":"purchasable","14":"product-type-simple"},"_links":{"self":[{"href":"https:\/\/libreriahistoriasdebolsillo.com\/index.php\/wp-json\/wp\/v2\/product\/1988","targetHints":{"allow":["GET"]}}],"collection":[{"href":"https:\/\/libreriahistoriasdebolsillo.com\/index.php\/wp-json\/wp\/v2\/product"}],"about":[{"href":"https:\/\/libreriahistoriasdebolsillo.com\/index.php\/wp-json\/wp\/v2\/types\/product"}],"wp:featuredmedia":[{"embeddable":true,"href":"https:\/\/libreriahistoriasdebolsillo.com\/index.php\/wp-json\/wp\/v2\/media\/2668"}],"wp:attachment":[{"href":"https:\/\/libreriahistoriasdebolsillo.com\/index.php\/wp-json\/wp\/v2\/media?parent=1988"}],"wp:term":[{"taxonomy":"product_brand","embeddable":true,"href":"https:\/\/libreriahistoriasdebolsillo.com\/index.php\/wp-json\/wp\/v2\/product_brand?post=1988"},{"taxonomy":"product_cat","embeddable":true,"href":"https:\/\/libreriahistoriasdebolsillo.com\/index.php\/wp-json\/wp\/v2\/product_cat?post=1988"},{"taxonomy":"product_tag","embeddable":true,"href":"https:\/\/libreriahistoriasdebolsillo.com\/index.php\/wp-json\/wp\/v2\/product_tag?post=1988"}],"curies":[{"name":"wp","href":"https:\/\/api.w.org\/{rel}","templated":true}]}}