{"id":1990,"date":"2023-11-25T10:58:21","date_gmt":"2023-11-25T16:58:21","guid":{"rendered":"https:\/\/libreriahistoriasdebolsillo.com\/?post_type=product&#038;p=1990"},"modified":"2024-02-06T17:27:52","modified_gmt":"2024-02-06T23:27:52","slug":"blanca-nieves-mis-cuentos-animados","status":"publish","type":"product","link":"https:\/\/libreriahistoriasdebolsillo.com\/index.php\/producto\/blanca-nieves-mis-cuentos-animados\/","title":{"rendered":"Mis cuentos animados. Blanca Nieves"},"content":{"rendered":"<p>\u00a1Descubre tus cuentos favoritos en esta bonita colecci\u00f3n animada!<\/p>\n<p>Divi\u00e9rtete representando t\u00fa mismo la historia con ayuda de unos mecanismos muy f\u00e1ciles de accionar.<\/p>\n<p>\u00a1T\u00fa creas la historia!<\/p>\n","protected":false},"excerpt":{"rendered":"<p>Marta Sorte<\/p>\n<p>Edici\u00f3n en pasta dura y hoja gruesa<\/p>\n","protected":false},"featured_media":1991,"template":"","meta":{"_joinchat":[]},"product_brand":[],"product_cat":[54],"product_tag":[48],"class_list":{"0":"post-1990","1":"product","2":"type-product","3":"status-publish","4":"has-post-thumbnail","6":"product_cat-infantil","7":"product_tag-vr-editoras","9":"first","10":"outofstock","11":"shipping-taxable","12":"purchasable","13":"product-type-simple"},"_links":{"self":[{"href":"https:\/\/libreriahistoriasdebolsillo.com\/index.php\/wp-json\/wp\/v2\/product\/1990","targetHints":{"allow":["GET"]}}],"collection":[{"href":"https:\/\/libreriahistoriasdebolsillo.com\/index.php\/wp-json\/wp\/v2\/product"}],"about":[{"href":"https:\/\/libreriahistoriasdebolsillo.com\/index.php\/wp-json\/wp\/v2\/types\/product"}],"wp:featuredmedia":[{"embeddable":true,"href":"https:\/\/libreriahistoriasdebolsillo.com\/index.php\/wp-json\/wp\/v2\/media\/1991"}],"wp:attachment":[{"href":"https:\/\/libreriahistoriasdebolsillo.com\/index.php\/wp-json\/wp\/v2\/media?parent=1990"}],"wp:term":[{"taxonomy":"product_brand","embeddable":true,"href":"https:\/\/libreriahistoriasdebolsillo.com\/index.php\/wp-json\/wp\/v2\/product_brand?post=1990"},{"taxonomy":"product_cat","embeddable":true,"href":"https:\/\/libreriahistoriasdebolsillo.com\/index.php\/wp-json\/wp\/v2\/product_cat?post=1990"},{"taxonomy":"product_tag","embeddable":true,"href":"https:\/\/libreriahistoriasdebolsillo.com\/index.php\/wp-json\/wp\/v2\/product_tag?post=1990"}],"curies":[{"name":"wp","href":"https:\/\/api.w.org\/{rel}","templated":true}]}}