{"id":2013,"date":"2023-11-25T11:33:07","date_gmt":"2023-11-25T17:33:07","guid":{"rendered":"https:\/\/libreriahistoriasdebolsillo.com\/?post_type=product&#038;p=2013"},"modified":"2024-02-29T11:34:27","modified_gmt":"2024-02-29T17:34:27","slug":"mis-animagenes-la-granja","status":"publish","type":"product","link":"https:\/\/libreriahistoriasdebolsillo.com\/index.php\/producto\/mis-animagenes-la-granja\/","title":{"rendered":"Mis anim\u00e1genes la granja"},"content":{"rendered":"<p>Descubre los m\u00e1s adorables animales de la granja gracias a mecanismos simples y f\u00e1ciles de usar.<\/p>\n<p>\u00a1Y divi\u00e9rtete adivinando en las \u00faltimas p\u00e1ginas lo que se esconde bajo las pesta\u00f1as!<\/p>\n<p>INCLUYE: Un mecanismo por p\u00e1gina.<\/p>\n","protected":false},"excerpt":{"rendered":"<p>Edici\u00f3n en pasta dura con hoja gruesa y mecanismos interactivos<\/p>\n","protected":false},"featured_media":2017,"template":"","meta":{"_joinchat":[]},"product_brand":[],"product_cat":[54],"product_tag":[48],"class_list":{"0":"post-2013","1":"product","2":"type-product","3":"status-publish","4":"has-post-thumbnail","6":"product_cat-infantil","7":"product_tag-vr-editoras","9":"first","10":"outofstock","11":"shipping-taxable","12":"purchasable","13":"product-type-simple"},"_links":{"self":[{"href":"https:\/\/libreriahistoriasdebolsillo.com\/index.php\/wp-json\/wp\/v2\/product\/2013","targetHints":{"allow":["GET"]}}],"collection":[{"href":"https:\/\/libreriahistoriasdebolsillo.com\/index.php\/wp-json\/wp\/v2\/product"}],"about":[{"href":"https:\/\/libreriahistoriasdebolsillo.com\/index.php\/wp-json\/wp\/v2\/types\/product"}],"wp:featuredmedia":[{"embeddable":true,"href":"https:\/\/libreriahistoriasdebolsillo.com\/index.php\/wp-json\/wp\/v2\/media\/2017"}],"wp:attachment":[{"href":"https:\/\/libreriahistoriasdebolsillo.com\/index.php\/wp-json\/wp\/v2\/media?parent=2013"}],"wp:term":[{"taxonomy":"product_brand","embeddable":true,"href":"https:\/\/libreriahistoriasdebolsillo.com\/index.php\/wp-json\/wp\/v2\/product_brand?post=2013"},{"taxonomy":"product_cat","embeddable":true,"href":"https:\/\/libreriahistoriasdebolsillo.com\/index.php\/wp-json\/wp\/v2\/product_cat?post=2013"},{"taxonomy":"product_tag","embeddable":true,"href":"https:\/\/libreriahistoriasdebolsillo.com\/index.php\/wp-json\/wp\/v2\/product_tag?post=2013"}],"curies":[{"name":"wp","href":"https:\/\/api.w.org\/{rel}","templated":true}]}}