{"id":2023,"date":"2023-11-25T11:39:04","date_gmt":"2023-11-25T17:39:04","guid":{"rendered":"https:\/\/libreriahistoriasdebolsillo.com\/?post_type=product&#038;p=2023"},"modified":"2023-11-29T16:58:36","modified_gmt":"2023-11-29T22:58:36","slug":"mis-animagenes-las-estaciones","status":"publish","type":"product","link":"https:\/\/libreriahistoriasdebolsillo.com\/index.php\/producto\/mis-animagenes-las-estaciones\/","title":{"rendered":"Mis anim\u00e1genes las estaciones"},"content":{"rendered":"<p>Descubre los cambios de la naturaleza a lo largo de las estaciones con mecanismos simples y f\u00e1ciles de usar.<\/p>\n<p>\u00a1Y divi\u00e9rtete adivinando en las \u00faltimas p\u00e1ginas lo que se esconde bajo las pesta\u00f1as!<\/p>\n<p>INCLUYE: Un mecanismo por p\u00e1gina.<\/p>\n","protected":false},"excerpt":{"rendered":"<p>Edici\u00f3n en pasta dura con hoja gruesa y mecanismos interactivos<\/p>\n","protected":false},"featured_media":2027,"template":"","meta":{"_joinchat":[]},"product_brand":[],"product_cat":[54],"product_tag":[48],"class_list":{"0":"post-2023","1":"product","2":"type-product","3":"status-publish","4":"has-post-thumbnail","6":"product_cat-infantil","7":"product_tag-vr-editoras","9":"first","10":"instock","11":"shipping-taxable","12":"purchasable","13":"product-type-simple"},"_links":{"self":[{"href":"https:\/\/libreriahistoriasdebolsillo.com\/index.php\/wp-json\/wp\/v2\/product\/2023","targetHints":{"allow":["GET"]}}],"collection":[{"href":"https:\/\/libreriahistoriasdebolsillo.com\/index.php\/wp-json\/wp\/v2\/product"}],"about":[{"href":"https:\/\/libreriahistoriasdebolsillo.com\/index.php\/wp-json\/wp\/v2\/types\/product"}],"wp:featuredmedia":[{"embeddable":true,"href":"https:\/\/libreriahistoriasdebolsillo.com\/index.php\/wp-json\/wp\/v2\/media\/2027"}],"wp:attachment":[{"href":"https:\/\/libreriahistoriasdebolsillo.com\/index.php\/wp-json\/wp\/v2\/media?parent=2023"}],"wp:term":[{"taxonomy":"product_brand","embeddable":true,"href":"https:\/\/libreriahistoriasdebolsillo.com\/index.php\/wp-json\/wp\/v2\/product_brand?post=2023"},{"taxonomy":"product_cat","embeddable":true,"href":"https:\/\/libreriahistoriasdebolsillo.com\/index.php\/wp-json\/wp\/v2\/product_cat?post=2023"},{"taxonomy":"product_tag","embeddable":true,"href":"https:\/\/libreriahistoriasdebolsillo.com\/index.php\/wp-json\/wp\/v2\/product_tag?post=2023"}],"curies":[{"name":"wp","href":"https:\/\/api.w.org\/{rel}","templated":true}]}}