{"id":2038,"date":"2023-11-25T11:48:04","date_gmt":"2023-11-25T17:48:04","guid":{"rendered":"https:\/\/libreriahistoriasdebolsillo.com\/?post_type=product&#038;p=2038"},"modified":"2025-02-14T15:46:02","modified_gmt":"2025-02-14T21:46:02","slug":"toca-aqui-la-fiesta-de-la-granja","status":"publish","type":"product","link":"https:\/\/libreriahistoriasdebolsillo.com\/index.php\/producto\/toca-aqui-la-fiesta-de-la-granja\/","title":{"rendered":"Toca aqu\u00ed\u2026 \u00a1la fiesta de la granja!"},"content":{"rendered":"<p>Una divertida historia con un material para tocar en cada imagen. \u00bfQu\u00e9 locura se les ocurrir\u00e1 a los animales de la granja para hacer re\u00edr al gallo gru\u00f1\u00f3n?<\/p>\n","protected":false},"excerpt":{"rendered":"<p>Edici\u00f3n en pasta dura con hoja gruesa y texturas<\/p>\n","protected":false},"featured_media":2042,"template":"","meta":{"_joinchat":[]},"product_brand":[],"product_cat":[54],"product_tag":[48],"class_list":{"0":"post-2038","1":"product","2":"type-product","3":"status-publish","4":"has-post-thumbnail","6":"product_cat-infantil","7":"product_tag-vr-editoras","9":"first","10":"outofstock","11":"shipping-taxable","12":"purchasable","13":"product-type-simple"},"_links":{"self":[{"href":"https:\/\/libreriahistoriasdebolsillo.com\/index.php\/wp-json\/wp\/v2\/product\/2038","targetHints":{"allow":["GET"]}}],"collection":[{"href":"https:\/\/libreriahistoriasdebolsillo.com\/index.php\/wp-json\/wp\/v2\/product"}],"about":[{"href":"https:\/\/libreriahistoriasdebolsillo.com\/index.php\/wp-json\/wp\/v2\/types\/product"}],"wp:featuredmedia":[{"embeddable":true,"href":"https:\/\/libreriahistoriasdebolsillo.com\/index.php\/wp-json\/wp\/v2\/media\/2042"}],"wp:attachment":[{"href":"https:\/\/libreriahistoriasdebolsillo.com\/index.php\/wp-json\/wp\/v2\/media?parent=2038"}],"wp:term":[{"taxonomy":"product_brand","embeddable":true,"href":"https:\/\/libreriahistoriasdebolsillo.com\/index.php\/wp-json\/wp\/v2\/product_brand?post=2038"},{"taxonomy":"product_cat","embeddable":true,"href":"https:\/\/libreriahistoriasdebolsillo.com\/index.php\/wp-json\/wp\/v2\/product_cat?post=2038"},{"taxonomy":"product_tag","embeddable":true,"href":"https:\/\/libreriahistoriasdebolsillo.com\/index.php\/wp-json\/wp\/v2\/product_tag?post=2038"}],"curies":[{"name":"wp","href":"https:\/\/api.w.org\/{rel}","templated":true}]}}