{"id":2069,"date":"2023-11-25T12:04:29","date_gmt":"2023-11-25T18:04:29","guid":{"rendered":"https:\/\/libreriahistoriasdebolsillo.com\/?post_type=product&#038;p=2069"},"modified":"2026-02-10T16:25:15","modified_gmt":"2026-02-10T22:25:15","slug":"la-marca-de-atenea-los-heroes-del-olimpo-3","status":"publish","type":"product","link":"https:\/\/libreriahistoriasdebolsillo.com\/index.php\/producto\/la-marca-de-atenea-los-heroes-del-olimpo-3\/","title":{"rendered":"Los h\u00e9roes del Olimpo 3. La marca de atenea"},"content":{"rendered":"<p>El destino de la humanidad pende de un hilo: Gea, la ma-dre Tierra, ha abierto de par en par las Puertas de la Muerte para liberar a sus despiadados monstruos. Los \u00fanicos que pueden cerrarlas son Percy, Jason, Piper, Hazel, Frank, Leo y Annabeth, el equipo de semidioses griegos y romanos elegido por una antigua profec\u00eda.<\/p>\n<p>Pero su misi\u00f3n es todav\u00eda m\u00e1s dif\u00edcil de lo que parece: sospechan que para encontrar las puertas deber\u00e1n cruzar el oc\u00e9ano, tienen s\u00f3lo seis d\u00edas para conseguirlo y, por si fuera poco, acaba de estallar la guerra entre sus dos campamentos y ahora ellos son un objetivo&#8230; \u00bfLograr\u00e1n ganar esta carrera de obst\u00e1culos contrarreloj?<\/p>\n","protected":false},"excerpt":{"rendered":"<p>Rick Riordan<\/p>\n","protected":false},"featured_media":2070,"template":"","meta":{"_joinchat":[]},"product_brand":[],"product_cat":[39,52],"product_tag":[34],"class_list":{"0":"post-2069","1":"product","2":"type-product","3":"status-publish","4":"has-post-thumbnail","6":"product_cat-fantasia","7":"product_cat-juvenil","8":"product_tag-penguin-random-house","10":"first","11":"outofstock","12":"shipping-taxable","13":"purchasable","14":"product-type-simple"},"_links":{"self":[{"href":"https:\/\/libreriahistoriasdebolsillo.com\/index.php\/wp-json\/wp\/v2\/product\/2069","targetHints":{"allow":["GET"]}}],"collection":[{"href":"https:\/\/libreriahistoriasdebolsillo.com\/index.php\/wp-json\/wp\/v2\/product"}],"about":[{"href":"https:\/\/libreriahistoriasdebolsillo.com\/index.php\/wp-json\/wp\/v2\/types\/product"}],"wp:featuredmedia":[{"embeddable":true,"href":"https:\/\/libreriahistoriasdebolsillo.com\/index.php\/wp-json\/wp\/v2\/media\/2070"}],"wp:attachment":[{"href":"https:\/\/libreriahistoriasdebolsillo.com\/index.php\/wp-json\/wp\/v2\/media?parent=2069"}],"wp:term":[{"taxonomy":"product_brand","embeddable":true,"href":"https:\/\/libreriahistoriasdebolsillo.com\/index.php\/wp-json\/wp\/v2\/product_brand?post=2069"},{"taxonomy":"product_cat","embeddable":true,"href":"https:\/\/libreriahistoriasdebolsillo.com\/index.php\/wp-json\/wp\/v2\/product_cat?post=2069"},{"taxonomy":"product_tag","embeddable":true,"href":"https:\/\/libreriahistoriasdebolsillo.com\/index.php\/wp-json\/wp\/v2\/product_tag?post=2069"}],"curies":[{"name":"wp","href":"https:\/\/api.w.org\/{rel}","templated":true}]}}